{"id":1061,"date":"2023-06-13T17:03:49","date_gmt":"2023-06-13T15:03:49","guid":{"rendered":"https:\/\/leconcertautrement.com\/legal-information\/"},"modified":"2023-06-15T17:20:33","modified_gmt":"2023-06-15T15:20:33","slug":"legal-information","status":"publish","type":"page","link":"https:\/\/leconcertautrement.com\/en\/legal-information\/","title":{"rendered":"Legal information"},"content":{"rendered":"\t\t<div data-elementor-type=\"wp-page\" data-elementor-id=\"1061\" class=\"elementor elementor-1061 elementor-954\" data-elementor-post-type=\"page\">\n\t\t\t\t\t\t<section class=\"elementor-section elementor-top-section elementor-element elementor-element-76b1592 elementor-section-boxed elementor-section-height-default elementor-section-height-default\" data-id=\"76b1592\" data-element_type=\"section\" data-e-type=\"section\" data-settings=\"{&quot;jet_parallax_layout_list&quot;:[]}\">\n\t\t\t\t\t\t<div class=\"elementor-container elementor-column-gap-default\">\n\t\t\t\t\t<div class=\"elementor-column elementor-col-100 elementor-top-column elementor-element elementor-element-047029d\" data-id=\"047029d\" data-element_type=\"column\" data-e-type=\"column\">\n\t\t\t<div class=\"elementor-widget-wrap elementor-element-populated\">\n\t\t\t\t\t\t<div class=\"elementor-element elementor-element-d389c9d elementor-widget elementor-widget-heading\" data-id=\"d389c9d\" data-element_type=\"widget\" data-e-type=\"widget\" data-widget_type=\"heading.default\">\n\t\t\t\t<div class=\"elementor-widget-container\">\n\t\t\t\t\t<h1 class=\"elementor-heading-title elementor-size-default\">Legal information<\/h1>\t\t\t\t<\/div>\n\t\t\t\t<\/div>\n\t\t\t\t<div class=\"elementor-element elementor-element-f5fe4f1 elementor-widget elementor-widget-text-editor\" data-id=\"f5fe4f1\" data-element_type=\"widget\" data-e-type=\"widget\" data-widget_type=\"text-editor.default\">\n\t\t\t\t<div class=\"elementor-widget-container\">\n\t\t\t\t\t\t\t\t\t<p>Effective as of 06\/13\/2023<\/p>\n<p>In accordance with the provisions of Articles 6-III and 19 of Law no. 2004-575 of June 21, 2004 for Confidence in the Digital Economy, known as L.C.E.N., users of the https:\/\/leconcertautrement.com\/ website are hereby informed of the present legal notice.<br \/>The User&#8217;s connection to and browsing of the site (indicate site name) implies full and unreserved acceptance of the present legal notice.<br \/>These are available on the site under the heading &#8220;Legal information&#8221;.<\/p>\n<p><strong>ARTICLE 1 : The publisher<\/strong><br \/>The website https:\/\/leconcertautrement.com\/ is edited and published by Severine Bertrand, whose email address is Severine.Bertrand@leconcertautrement.com<\/p>\n<p><strong>ARTICLE 2 : The host<\/strong><br \/>The host of the https:\/\/leconcertautrement.com\/ website is <a href=\"https:\/\/www.hostg.xyz\/SH9nC?file_id=1361\" target=\"_blank\" rel=\"noopener\">Hostinger<\/a>, whose registered office is at HOSTINGER INTERNATIONAL LTD, 61 Lordou Vironos Street, 6023 Larnaca, Cyprus.<\/p>\n<p><strong>ARTICLE 3: Site access<\/strong><br \/>The site is accessible from any location, 7 days a week, 24 hours a day, except in cases of force majeure, scheduled or unscheduled interruptions and for maintenance purposes.<br \/>https:\/\/leconcertautrement.com\/ cannot be held responsible for any modification, interruption or suspension of services.<\/p>\n<p><strong>ARTICLE 4: Data collection<\/strong><br \/>The site is exempt from declaration to the Commission Nationale Informatique et Libert\u00e9s (CNIL) insofar as it does not collect any data concerning users.<\/p>\n<p><strong>ARTICLE 5 : Cookies<\/strong><br \/>The User is informed that when visiting the site, a cookie may be automatically installed on his or her computer.<br \/>navigation software. By browsing the site, he accepts them.<br \/>A cookie is an element that does not allow the User to be identified, but is used to record information.<br \/>relating to its navigation on the website. The User may deactivate this cookie using the settings in his browser software.<\/p>\n<p><strong>ARTICLE 6: Intellectual property<\/strong><br \/>Any use, reproduction, distribution, marketing or modification of all or part of the https:\/\/leconcertautrement.com\/ website without the Publisher&#8217;s authorization is prohibited and may result in legal action as provided for in the French Intellectual Property Code and the French Civil Code.<\/p>\n\t\t\t\t\t\t\t\t<\/div>\n\t\t\t\t<\/div>\n\t\t\t\t\t<\/div>\n\t\t<\/div>\n\t\t\t\t\t<\/div>\n\t\t<\/section>\n\t\t\t\t<\/div>\n\t\t","protected":false},"excerpt":{"rendered":"<p>Legal information Effective as of 06\/13\/2023 In accordance with the provisions of Articles 6-III and 19 of Law no. 2004-575 of June 21, 2004 for Confidence in the Digital Economy, known as L.C.E.N., users of the https:\/\/leconcertautrement.com\/ website are hereby informed of the present legal notice.The User&#8217;s connection to and browsing of the site (indicate [&hellip;]<\/p>\n","protected":false},"author":1,"featured_media":0,"parent":0,"menu_order":0,"comment_status":"closed","ping_status":"closed","template":"elementor_header_footer","meta":{"om_disable_all_campaigns":false,"_monsterinsights_skip_tracking":false,"_monsterinsights_sitenote_active":false,"_monsterinsights_sitenote_note":"","_monsterinsights_sitenote_category":0,"site-sidebar-layout":"no-sidebar","site-content-layout":"page-builder","ast-site-content-layout":"default","site-content-style":"default","site-sidebar-style":"default","ast-global-header-display":"","ast-banner-title-visibility":"","ast-main-header-display":"","ast-hfb-above-header-display":"","ast-hfb-below-header-display":"","ast-hfb-mobile-header-display":"","site-post-title":"disabled","ast-breadcrumbs-content":"","ast-featured-img":"disabled","footer-sml-layout":"","theme-transparent-header-meta":"","adv-header-id-meta":"","stick-header-meta":"","header-above-stick-meta":"","header-main-stick-meta":"","header-below-stick-meta":"","astra-migrate-meta-layouts":"default","ast-page-background-enabled":"default","ast-page-background-meta":{"desktop":{"background-color":"var(--ast-global-color-4)","background-image":"","background-repeat":"repeat","background-position":"center center","background-size":"auto","background-attachment":"scroll","background-type":"","background-media":"","overlay-type":"","overlay-color":"","overlay-opacity":"","overlay-gradient":""},"tablet":{"background-color":"","background-image":"","background-repeat":"repeat","background-position":"center center","background-size":"auto","background-attachment":"scroll","background-type":"","background-media":"","overlay-type":"","overlay-color":"","overlay-opacity":"","overlay-gradient":""},"mobile":{"background-color":"","background-image":"","background-repeat":"repeat","background-position":"center center","background-size":"auto","background-attachment":"scroll","background-type":"","background-media":"","overlay-type":"","overlay-color":"","overlay-opacity":"","overlay-gradient":""}},"ast-content-background-meta":{"desktop":{"background-color":"var(--ast-global-color-5)","background-image":"","background-repeat":"repeat","background-position":"center center","background-size":"auto","background-attachment":"scroll","background-type":"","background-media":"","overlay-type":"","overlay-color":"","overlay-opacity":"","overlay-gradient":""},"tablet":{"background-color":"var(--ast-global-color-5)","background-image":"","background-repeat":"repeat","background-position":"center center","background-size":"auto","background-attachment":"scroll","background-type":"","background-media":"","overlay-type":"","overlay-color":"","overlay-opacity":"","overlay-gradient":""},"mobile":{"background-color":"var(--ast-global-color-5)","background-image":"","background-repeat":"repeat","background-position":"center center","background-size":"auto","background-attachment":"scroll","background-type":"","background-media":"","overlay-type":"","overlay-color":"","overlay-opacity":"","overlay-gradient":""}},"footnotes":""},"class_list":["post-1061","page","type-page","status-publish","hentry"],"yoast_head":"<!-- This site is optimized with the Yoast SEO plugin v27.3 - https:\/\/yoast.com\/product\/yoast-seo-wordpress\/ -->\n<title>Legal information<\/title>\n<meta name=\"robots\" content=\"noindex, follow\" \/>\n<meta property=\"og:locale\" content=\"en_US\" \/>\n<meta property=\"og:type\" content=\"article\" \/>\n<meta property=\"og:title\" content=\"Legal information\" \/>\n<meta property=\"og:description\" content=\"Legal information Effective as of 06\/13\/2023 In accordance with the provisions of Articles 6-III and 19 of Law no. 2004-575 of June 21, 2004 for Confidence in the Digital Economy, known as L.C.E.N., users of the https:\/\/leconcertautrement.com\/ website are hereby informed of the present legal notice.The User&#8217;s connection to and browsing of the site (indicate [&hellip;]\" \/>\n<meta property=\"og:url\" content=\"https:\/\/leconcertautrement.com\/en\/legal-information\/\" \/>\n<meta property=\"og:site_name\" content=\"Le concert autrement\" \/>\n<meta property=\"article:modified_time\" content=\"2023-06-15T15:20:33+00:00\" \/>\n<meta name=\"twitter:card\" content=\"summary_large_image\" \/>\n<meta name=\"twitter:label1\" content=\"Est. reading time\" \/>\n\t<meta name=\"twitter:data1\" content=\"2 minutes\" \/>\n<script type=\"application\/ld+json\" class=\"yoast-schema-graph\">{\"@context\":\"https:\\\/\\\/schema.org\",\"@graph\":[{\"@type\":\"WebPage\",\"@id\":\"https:\\\/\\\/leconcertautrement.com\\\/en\\\/legal-information\\\/\",\"url\":\"https:\\\/\\\/leconcertautrement.com\\\/en\\\/legal-information\\\/\",\"name\":\"Legal information\",\"isPartOf\":{\"@id\":\"https:\\\/\\\/leconcertautrement.com\\\/en\\\/#website\"},\"datePublished\":\"2023-06-13T15:03:49+00:00\",\"dateModified\":\"2023-06-15T15:20:33+00:00\",\"breadcrumb\":{\"@id\":\"https:\\\/\\\/leconcertautrement.com\\\/en\\\/legal-information\\\/#breadcrumb\"},\"inLanguage\":\"en-US\",\"potentialAction\":[{\"@type\":\"ReadAction\",\"target\":[\"https:\\\/\\\/leconcertautrement.com\\\/en\\\/legal-information\\\/\"]}]},{\"@type\":\"BreadcrumbList\",\"@id\":\"https:\\\/\\\/leconcertautrement.com\\\/en\\\/legal-information\\\/#breadcrumb\",\"itemListElement\":[{\"@type\":\"ListItem\",\"position\":1,\"name\":\"Accueil\",\"item\":\"https:\\\/\\\/leconcertautrement.com\\\/en\\\/\"},{\"@type\":\"ListItem\",\"position\":2,\"name\":\"Legal information\"}]},{\"@type\":\"WebSite\",\"@id\":\"https:\\\/\\\/leconcertautrement.com\\\/en\\\/#website\",\"url\":\"https:\\\/\\\/leconcertautrement.com\\\/en\\\/\",\"name\":\"Le concert autrement\",\"description\":\"Une exp\u00e9rience sensible et immersive, entre musique, r\u00e9cit et \u00e9motion.\",\"publisher\":{\"@id\":\"https:\\\/\\\/leconcertautrement.com\\\/en\\\/#organization\"},\"potentialAction\":[{\"@type\":\"SearchAction\",\"target\":{\"@type\":\"EntryPoint\",\"urlTemplate\":\"https:\\\/\\\/leconcertautrement.com\\\/en\\\/?s={search_term_string}\"},\"query-input\":{\"@type\":\"PropertyValueSpecification\",\"valueRequired\":true,\"valueName\":\"search_term_string\"}}],\"inLanguage\":\"en-US\"},{\"@type\":\"Organization\",\"@id\":\"https:\\\/\\\/leconcertautrement.com\\\/en\\\/#organization\",\"name\":\"Le concert autrement\",\"url\":\"https:\\\/\\\/leconcertautrement.com\\\/en\\\/\",\"logo\":{\"@type\":\"ImageObject\",\"inLanguage\":\"en-US\",\"@id\":\"https:\\\/\\\/leconcertautrement.com\\\/en\\\/#\\\/schema\\\/logo\\\/image\\\/\",\"url\":\"https:\\\/\\\/leconcertautrement.com\\\/wp-content\\\/uploads\\\/2026\\\/04\\\/LOGO-NOIR-768x456.png.webp\",\"contentUrl\":\"https:\\\/\\\/leconcertautrement.com\\\/wp-content\\\/uploads\\\/2026\\\/04\\\/LOGO-NOIR-768x456.png.webp\",\"width\":768,\"height\":456,\"caption\":\"Le concert autrement\"},\"image\":{\"@id\":\"https:\\\/\\\/leconcertautrement.com\\\/en\\\/#\\\/schema\\\/logo\\\/image\\\/\"}}]}<\/script>\n<!-- \/ Yoast SEO plugin. -->","yoast_head_json":{"title":"Legal information","robots":{"index":"noindex","follow":"follow"},"og_locale":"en_US","og_type":"article","og_title":"Legal information","og_description":"Legal information Effective as of 06\/13\/2023 In accordance with the provisions of Articles 6-III and 19 of Law no. 2004-575 of June 21, 2004 for Confidence in the Digital Economy, known as L.C.E.N., users of the https:\/\/leconcertautrement.com\/ website are hereby informed of the present legal notice.The User&#8217;s connection to and browsing of the site (indicate [&hellip;]","og_url":"https:\/\/leconcertautrement.com\/en\/legal-information\/","og_site_name":"Le concert autrement","article_modified_time":"2023-06-15T15:20:33+00:00","twitter_card":"summary_large_image","twitter_misc":{"Est. reading time":"2 minutes"},"schema":{"@context":"https:\/\/schema.org","@graph":[{"@type":"WebPage","@id":"https:\/\/leconcertautrement.com\/en\/legal-information\/","url":"https:\/\/leconcertautrement.com\/en\/legal-information\/","name":"Legal information","isPartOf":{"@id":"https:\/\/leconcertautrement.com\/en\/#website"},"datePublished":"2023-06-13T15:03:49+00:00","dateModified":"2023-06-15T15:20:33+00:00","breadcrumb":{"@id":"https:\/\/leconcertautrement.com\/en\/legal-information\/#breadcrumb"},"inLanguage":"en-US","potentialAction":[{"@type":"ReadAction","target":["https:\/\/leconcertautrement.com\/en\/legal-information\/"]}]},{"@type":"BreadcrumbList","@id":"https:\/\/leconcertautrement.com\/en\/legal-information\/#breadcrumb","itemListElement":[{"@type":"ListItem","position":1,"name":"Accueil","item":"https:\/\/leconcertautrement.com\/en\/"},{"@type":"ListItem","position":2,"name":"Legal information"}]},{"@type":"WebSite","@id":"https:\/\/leconcertautrement.com\/en\/#website","url":"https:\/\/leconcertautrement.com\/en\/","name":"Le concert autrement","description":"Une exp\u00e9rience sensible et immersive, entre musique, r\u00e9cit et \u00e9motion.","publisher":{"@id":"https:\/\/leconcertautrement.com\/en\/#organization"},"potentialAction":[{"@type":"SearchAction","target":{"@type":"EntryPoint","urlTemplate":"https:\/\/leconcertautrement.com\/en\/?s={search_term_string}"},"query-input":{"@type":"PropertyValueSpecification","valueRequired":true,"valueName":"search_term_string"}}],"inLanguage":"en-US"},{"@type":"Organization","@id":"https:\/\/leconcertautrement.com\/en\/#organization","name":"Le concert autrement","url":"https:\/\/leconcertautrement.com\/en\/","logo":{"@type":"ImageObject","inLanguage":"en-US","@id":"https:\/\/leconcertautrement.com\/en\/#\/schema\/logo\/image\/","url":"https:\/\/leconcertautrement.com\/wp-content\/uploads\/2026\/04\/LOGO-NOIR-768x456.png.webp","contentUrl":"https:\/\/leconcertautrement.com\/wp-content\/uploads\/2026\/04\/LOGO-NOIR-768x456.png.webp","width":768,"height":456,"caption":"Le concert autrement"},"image":{"@id":"https:\/\/leconcertautrement.com\/en\/#\/schema\/logo\/image\/"}}]}},"_links":{"self":[{"href":"https:\/\/leconcertautrement.com\/en\/wp-json\/wp\/v2\/pages\/1061","targetHints":{"allow":["GET"]}}],"collection":[{"href":"https:\/\/leconcertautrement.com\/en\/wp-json\/wp\/v2\/pages"}],"about":[{"href":"https:\/\/leconcertautrement.com\/en\/wp-json\/wp\/v2\/types\/page"}],"author":[{"embeddable":true,"href":"https:\/\/leconcertautrement.com\/en\/wp-json\/wp\/v2\/users\/1"}],"replies":[{"embeddable":true,"href":"https:\/\/leconcertautrement.com\/en\/wp-json\/wp\/v2\/comments?post=1061"}],"version-history":[{"count":2,"href":"https:\/\/leconcertautrement.com\/en\/wp-json\/wp\/v2\/pages\/1061\/revisions"}],"predecessor-version":[{"id":1063,"href":"https:\/\/leconcertautrement.com\/en\/wp-json\/wp\/v2\/pages\/1061\/revisions\/1063"}],"wp:attachment":[{"href":"https:\/\/leconcertautrement.com\/en\/wp-json\/wp\/v2\/media?parent=1061"}],"curies":[{"name":"wp","href":"https:\/\/api.w.org\/{rel}","templated":true}]}}