{"id":1056,"date":"2022-12-08T09:29:52","date_gmt":"2022-12-08T08:29:52","guid":{"rendered":"https:\/\/leconcertautrement.com\/individuals\/"},"modified":"2023-06-15T17:20:19","modified_gmt":"2023-06-15T15:20:19","slug":"individuals","status":"publish","type":"page","link":"https:\/\/leconcertautrement.com\/en\/individuals\/","title":{"rendered":"Individuals"},"content":{"rendered":"\t\t<div data-elementor-type=\"wp-page\" data-elementor-id=\"1056\" class=\"elementor elementor-1056 elementor-89\" data-elementor-post-type=\"page\">\n\t\t\t\t\t\t<section class=\"elementor-section elementor-top-section elementor-element elementor-element-83800d0 elementor-section-height-min-height elementor-section-boxed elementor-section-height-default elementor-section-items-middle\" data-id=\"83800d0\" data-element_type=\"section\" data-e-type=\"section\" data-settings=\"{&quot;jet_parallax_layout_list&quot;:[],&quot;background_background&quot;:&quot;classic&quot;}\">\n\t\t\t\t\t\t\t<div class=\"elementor-background-overlay\"><\/div>\n\t\t\t\t\t\t\t<div class=\"elementor-container elementor-column-gap-default\">\n\t\t\t\t\t<div class=\"elementor-column elementor-col-100 elementor-top-column elementor-element elementor-element-39a3e61\" data-id=\"39a3e61\" data-element_type=\"column\" data-e-type=\"column\">\n\t\t\t<div class=\"elementor-widget-wrap elementor-element-populated\">\n\t\t\t\t\t\t<div class=\"elementor-element elementor-element-ea7000a animated-slow elementor-invisible elementor-widget elementor-widget-heading\" data-id=\"ea7000a\" data-element_type=\"widget\" data-e-type=\"widget\" data-settings=\"{&quot;_animation&quot;:&quot;fadeInUp&quot;,&quot;_animation_delay&quot;:500}\" data-widget_type=\"heading.default\">\n\t\t\t\t<div class=\"elementor-widget-container\">\n\t\t\t\t\t<h1 class=\"elementor-heading-title elementor-size-default\">Individuals<\/h1>\t\t\t\t<\/div>\n\t\t\t\t<\/div>\n\t\t\t\t<div class=\"elementor-element elementor-element-0558eda animated-slow elementor-invisible elementor-widget elementor-widget-heading\" data-id=\"0558eda\" data-element_type=\"widget\" data-e-type=\"widget\" data-settings=\"{&quot;_animation&quot;:&quot;fadeInUp&quot;,&quot;_animation_delay&quot;:1000}\" data-widget_type=\"heading.default\">\n\t\t\t\t<div class=\"elementor-widget-container\">\n\t\t\t\t\t<h2 class=\"elementor-heading-title elementor-size-default\">Parties | Family events | Social events<\/h2>\t\t\t\t<\/div>\n\t\t\t\t<\/div>\n\t\t\t\t<div class=\"elementor-element elementor-element-5d00f56 animated-slow elementor-invisible elementor-widget elementor-widget-heading\" data-id=\"5d00f56\" data-element_type=\"widget\" data-e-type=\"widget\" data-settings=\"{&quot;_animation&quot;:&quot;fadeInUp&quot;,&quot;_animation_delay&quot;:1500}\" data-widget_type=\"heading.default\">\n\t\t\t\t<div class=\"elementor-widget-container\">\n\t\t\t\t\t<h2 class=\"elementor-heading-title elementor-size-default\">Stand out - Create a unique moment - Share<\/h2>\t\t\t\t<\/div>\n\t\t\t\t<\/div>\n\t\t\t\t\t<\/div>\n\t\t<\/div>\n\t\t\t\t\t<\/div>\n\t\t<\/section>\n\t\t\t\t<section class=\"elementor-section elementor-top-section elementor-element elementor-element-ab19f8b elementor-section-boxed elementor-section-height-default elementor-section-height-default\" data-id=\"ab19f8b\" data-element_type=\"section\" data-e-type=\"section\" data-settings=\"{&quot;jet_parallax_layout_list&quot;:[],&quot;background_background&quot;:&quot;classic&quot;}\">\n\t\t\t\t\t\t<div class=\"elementor-container elementor-column-gap-default\">\n\t\t\t\t\t<div class=\"elementor-column elementor-col-100 elementor-top-column elementor-element elementor-element-130b242\" data-id=\"130b242\" data-element_type=\"column\" data-e-type=\"column\">\n\t\t\t<div class=\"elementor-widget-wrap elementor-element-populated\">\n\t\t\t\t\t\t<div class=\"elementor-element elementor-element-a043aa3 elementor-invisible elementor-widget elementor-widget-heading\" data-id=\"a043aa3\" data-element_type=\"widget\" data-e-type=\"widget\" data-settings=\"{&quot;_animation&quot;:&quot;fadeInLeft&quot;}\" data-widget_type=\"heading.default\">\n\t\t\t\t<div class=\"elementor-widget-container\">\n\t\t\t\t\t<h2 class=\"elementor-heading-title elementor-size-default\">Setting the tone for your event\nby the private concert<\/h2>\t\t\t\t<\/div>\n\t\t\t\t<\/div>\n\t\t\t\t<section class=\"elementor-section elementor-inner-section elementor-element elementor-element-7c70699 elementor-section-boxed elementor-section-height-default elementor-section-height-default\" data-id=\"7c70699\" data-element_type=\"section\" data-e-type=\"section\" data-settings=\"{&quot;jet_parallax_layout_list&quot;:[]}\">\n\t\t\t\t\t\t<div class=\"elementor-container elementor-column-gap-default\">\n\t\t\t\t\t<div class=\"elementor-column elementor-col-50 elementor-inner-column elementor-element elementor-element-c71e9e3\" data-id=\"c71e9e3\" data-element_type=\"column\" data-e-type=\"column\">\n\t\t\t<div class=\"elementor-widget-wrap elementor-element-populated\">\n\t\t\t\t\t\t<div class=\"elementor-element elementor-element-cb14fce elementor-invisible elementor-widget elementor-widget-image\" data-id=\"cb14fce\" data-element_type=\"widget\" data-e-type=\"widget\" data-settings=\"{&quot;_animation&quot;:&quot;fadeInUp&quot;}\" data-widget_type=\"image.default\">\n\t\t\t\t<div class=\"elementor-widget-container\">\n\t\t\t\t\t\t\t\t\t\t\t\t\t\t\t<img decoding=\"async\" src=\"https:\/\/leconcertautrement.com\/wp-content\/uploads\/2023\/05\/soiree-particulier.png\" title=\"Individuals\" alt=\"Soiree Particulier\" loading=\"lazy\">\t\t\t\t\t\t\t\t\t\t\t\t\t\t\t<\/div>\n\t\t\t\t<\/div>\n\t\t\t\t\t<\/div>\n\t\t<\/div>\n\t\t\t\t<div class=\"elementor-column elementor-col-50 elementor-inner-column elementor-element elementor-element-21f1c16\" data-id=\"21f1c16\" data-element_type=\"column\" data-e-type=\"column\">\n\t\t\t<div class=\"elementor-widget-wrap elementor-element-populated\">\n\t\t\t\t\t\t<div class=\"elementor-element elementor-element-6e52163 elementor-invisible elementor-widget elementor-widget-text-editor\" data-id=\"6e52163\" data-element_type=\"widget\" data-e-type=\"widget\" data-settings=\"{&quot;_animation&quot;:&quot;fadeInRight&quot;}\" data-widget_type=\"text-editor.default\">\n\t\t\t\t<div class=\"elementor-widget-container\">\n\t\t\t\t\t\t\t\t\t<p>Music supported by a story creates a powerful alchemy that acts as a vehicle for emotions and impressions.<\/p>\n<p>It&#8217;s a timeless moment that lasts beyond the concert itself.<\/p>\n<p><span style=\"text-decoration: underline;\"><em><strong>Our services<\/strong><\/em><\/span><\/p>\n<p>&#8211; Tailor-made programs or programs designed around an emotion, a color, a value<\/p>\n<p>&#8211; The spectator as artist&#8217;s guest<\/p>\n<p>&#8211; A privileged atmosphere, a source of sharing and encounters<\/p>\n\t\t\t\t\t\t\t\t<\/div>\n\t\t\t\t<\/div>\n\t\t\t\t\t<\/div>\n\t\t<\/div>\n\t\t\t\t\t<\/div>\n\t\t<\/section>\n\t\t\t\t\t<\/div>\n\t\t<\/div>\n\t\t\t\t\t<\/div>\n\t\t<\/section>\n\t\t\t\t<\/div>\n\t\t","protected":false},"excerpt":{"rendered":"<p>Individuals Parties | Family events | Social events Stand out &#8211; Create a unique moment &#8211; Share Setting the tone for your event by the private concert Music supported by a story creates a powerful alchemy that acts as a vehicle for emotions and impressions. It&#8217;s a timeless moment that lasts beyond the concert itself. [&hellip;]<\/p>\n","protected":false},"author":1,"featured_media":1007,"parent":0,"menu_order":0,"comment_status":"closed","ping_status":"closed","template":"","meta":{"om_disable_all_campaigns":false,"_monsterinsights_skip_tracking":false,"_monsterinsights_sitenote_active":false,"_monsterinsights_sitenote_note":"","_monsterinsights_sitenote_category":0,"site-sidebar-layout":"no-sidebar","site-content-layout":"page-builder","ast-site-content-layout":"full-width-container","site-content-style":"unboxed","site-sidebar-style":"unboxed","ast-global-header-display":"","ast-banner-title-visibility":"","ast-main-header-display":"","ast-hfb-above-header-display":"","ast-hfb-below-header-display":"","ast-hfb-mobile-header-display":"","site-post-title":"disabled","ast-breadcrumbs-content":"","ast-featured-img":"","footer-sml-layout":"","theme-transparent-header-meta":"","adv-header-id-meta":"","stick-header-meta":"","header-above-stick-meta":"","header-main-stick-meta":"","header-below-stick-meta":"","astra-migrate-meta-layouts":"default","ast-page-background-enabled":"default","ast-page-background-meta":{"desktop":{"background-color":"var(--ast-global-color-4)","background-image":"","background-repeat":"repeat","background-position":"center center","background-size":"auto","background-attachment":"scroll","background-type":"","background-media":"","overlay-type":"","overlay-color":"","overlay-opacity":"","overlay-gradient":""},"tablet":{"background-color":"","background-image":"","background-repeat":"repeat","background-position":"center center","background-size":"auto","background-attachment":"scroll","background-type":"","background-media":"","overlay-type":"","overlay-color":"","overlay-opacity":"","overlay-gradient":""},"mobile":{"background-color":"","background-image":"","background-repeat":"repeat","background-position":"center center","background-size":"auto","background-attachment":"scroll","background-type":"","background-media":"","overlay-type":"","overlay-color":"","overlay-opacity":"","overlay-gradient":""}},"ast-content-background-meta":{"desktop":{"background-color":"var(--ast-global-color-5)","background-image":"","background-repeat":"repeat","background-position":"center center","background-size":"auto","background-attachment":"scroll","background-type":"","background-media":"","overlay-type":"","overlay-color":"","overlay-opacity":"","overlay-gradient":""},"tablet":{"background-color":"var(--ast-global-color-5)","background-image":"","background-repeat":"repeat","background-position":"center center","background-size":"auto","background-attachment":"scroll","background-type":"","background-media":"","overlay-type":"","overlay-color":"","overlay-opacity":"","overlay-gradient":""},"mobile":{"background-color":"var(--ast-global-color-5)","background-image":"","background-repeat":"repeat","background-position":"center center","background-size":"auto","background-attachment":"scroll","background-type":"","background-media":"","overlay-type":"","overlay-color":"","overlay-opacity":"","overlay-gradient":""}},"footnotes":""},"class_list":["post-1056","page","type-page","status-publish","has-post-thumbnail","hentry"],"yoast_head":"<!-- This site is optimized with the Yoast SEO plugin v27.3 - https:\/\/yoast.com\/product\/yoast-seo-wordpress\/ -->\n<title>Individuals<\/title>\n<meta name=\"description\" content=\"Organize your event, A privileged atmosphere, a source of sharing and encounters, The spectator is the artist&#039;s guest...\" \/>\n<meta name=\"robots\" content=\"index, follow, max-snippet:-1, max-image-preview:large, max-video-preview:-1\" \/>\n<link rel=\"canonical\" href=\"https:\/\/leconcertautrement.com\/en\/individuals\/\" \/>\n<meta property=\"og:locale\" content=\"en_US\" \/>\n<meta property=\"og:type\" content=\"article\" \/>\n<meta property=\"og:title\" content=\"Individuals\" \/>\n<meta property=\"og:description\" content=\"Organize your event, A privileged atmosphere, a source of sharing and encounters, The spectator is the artist&#039;s guest...\" \/>\n<meta property=\"og:url\" content=\"https:\/\/leconcertautrement.com\/en\/individuals\/\" \/>\n<meta property=\"og:site_name\" content=\"Le concert autrement\" \/>\n<meta property=\"article:modified_time\" content=\"2023-06-15T15:20:19+00:00\" \/>\n<meta property=\"og:image\" content=\"https:\/\/leconcertautrement.com\/wp-content\/uploads\/2023\/05\/soiree-particulier.png\" \/>\n\t<meta property=\"og:image:width\" content=\"1024\" \/>\n\t<meta property=\"og:image:height\" content=\"1024\" \/>\n\t<meta property=\"og:image:type\" content=\"image\/png\" \/>\n<meta name=\"twitter:card\" content=\"summary_large_image\" \/>\n<script type=\"application\/ld+json\" class=\"yoast-schema-graph\">{\"@context\":\"https:\\\/\\\/schema.org\",\"@graph\":[{\"@type\":\"WebPage\",\"@id\":\"https:\\\/\\\/leconcertautrement.com\\\/en\\\/individuals\\\/\",\"url\":\"https:\\\/\\\/leconcertautrement.com\\\/en\\\/individuals\\\/\",\"name\":\"Individuals\",\"isPartOf\":{\"@id\":\"https:\\\/\\\/leconcertautrement.com\\\/en\\\/#website\"},\"primaryImageOfPage\":{\"@id\":\"https:\\\/\\\/leconcertautrement.com\\\/en\\\/individuals\\\/#primaryimage\"},\"image\":{\"@id\":\"https:\\\/\\\/leconcertautrement.com\\\/en\\\/individuals\\\/#primaryimage\"},\"thumbnailUrl\":\"https:\\\/\\\/leconcertautrement.com\\\/wp-content\\\/uploads\\\/2023\\\/05\\\/soiree-particulier.png\",\"datePublished\":\"2022-12-08T08:29:52+00:00\",\"dateModified\":\"2023-06-15T15:20:19+00:00\",\"description\":\"Organize your event, A privileged atmosphere, a source of sharing and encounters, The spectator is the artist's guest...\",\"breadcrumb\":{\"@id\":\"https:\\\/\\\/leconcertautrement.com\\\/en\\\/individuals\\\/#breadcrumb\"},\"inLanguage\":\"en-US\",\"potentialAction\":[{\"@type\":\"ReadAction\",\"target\":[\"https:\\\/\\\/leconcertautrement.com\\\/en\\\/individuals\\\/\"]}]},{\"@type\":\"ImageObject\",\"inLanguage\":\"en-US\",\"@id\":\"https:\\\/\\\/leconcertautrement.com\\\/en\\\/individuals\\\/#primaryimage\",\"url\":\"https:\\\/\\\/leconcertautrement.com\\\/wp-content\\\/uploads\\\/2023\\\/05\\\/soiree-particulier.png\",\"contentUrl\":\"https:\\\/\\\/leconcertautrement.com\\\/wp-content\\\/uploads\\\/2023\\\/05\\\/soiree-particulier.png\",\"width\":1024,\"height\":1024},{\"@type\":\"BreadcrumbList\",\"@id\":\"https:\\\/\\\/leconcertautrement.com\\\/en\\\/individuals\\\/#breadcrumb\",\"itemListElement\":[{\"@type\":\"ListItem\",\"position\":1,\"name\":\"Accueil\",\"item\":\"https:\\\/\\\/leconcertautrement.com\\\/en\\\/\"},{\"@type\":\"ListItem\",\"position\":2,\"name\":\"Individuals\"}]},{\"@type\":\"WebSite\",\"@id\":\"https:\\\/\\\/leconcertautrement.com\\\/en\\\/#website\",\"url\":\"https:\\\/\\\/leconcertautrement.com\\\/en\\\/\",\"name\":\"Le concert autrement\",\"description\":\"Une exp\u00e9rience sensible et immersive, entre musique, r\u00e9cit et \u00e9motion.\",\"publisher\":{\"@id\":\"https:\\\/\\\/leconcertautrement.com\\\/en\\\/#organization\"},\"potentialAction\":[{\"@type\":\"SearchAction\",\"target\":{\"@type\":\"EntryPoint\",\"urlTemplate\":\"https:\\\/\\\/leconcertautrement.com\\\/en\\\/?s={search_term_string}\"},\"query-input\":{\"@type\":\"PropertyValueSpecification\",\"valueRequired\":true,\"valueName\":\"search_term_string\"}}],\"inLanguage\":\"en-US\"},{\"@type\":\"Organization\",\"@id\":\"https:\\\/\\\/leconcertautrement.com\\\/en\\\/#organization\",\"name\":\"Le concert autrement\",\"url\":\"https:\\\/\\\/leconcertautrement.com\\\/en\\\/\",\"logo\":{\"@type\":\"ImageObject\",\"inLanguage\":\"en-US\",\"@id\":\"https:\\\/\\\/leconcertautrement.com\\\/en\\\/#\\\/schema\\\/logo\\\/image\\\/\",\"url\":\"https:\\\/\\\/leconcertautrement.com\\\/wp-content\\\/uploads\\\/2026\\\/04\\\/LOGO-NOIR-768x456.png.webp\",\"contentUrl\":\"https:\\\/\\\/leconcertautrement.com\\\/wp-content\\\/uploads\\\/2026\\\/04\\\/LOGO-NOIR-768x456.png.webp\",\"width\":768,\"height\":456,\"caption\":\"Le concert autrement\"},\"image\":{\"@id\":\"https:\\\/\\\/leconcertautrement.com\\\/en\\\/#\\\/schema\\\/logo\\\/image\\\/\"}}]}<\/script>\n<!-- \/ Yoast SEO plugin. -->","yoast_head_json":{"title":"Individuals","description":"Organize your event, A privileged atmosphere, a source of sharing and encounters, The spectator is the artist's guest...","robots":{"index":"index","follow":"follow","max-snippet":"max-snippet:-1","max-image-preview":"max-image-preview:large","max-video-preview":"max-video-preview:-1"},"canonical":"https:\/\/leconcertautrement.com\/en\/individuals\/","og_locale":"en_US","og_type":"article","og_title":"Individuals","og_description":"Organize your event, A privileged atmosphere, a source of sharing and encounters, The spectator is the artist's guest...","og_url":"https:\/\/leconcertautrement.com\/en\/individuals\/","og_site_name":"Le concert autrement","article_modified_time":"2023-06-15T15:20:19+00:00","og_image":[{"width":1024,"height":1024,"url":"https:\/\/leconcertautrement.com\/wp-content\/uploads\/2023\/05\/soiree-particulier.png","type":"image\/png"}],"twitter_card":"summary_large_image","schema":{"@context":"https:\/\/schema.org","@graph":[{"@type":"WebPage","@id":"https:\/\/leconcertautrement.com\/en\/individuals\/","url":"https:\/\/leconcertautrement.com\/en\/individuals\/","name":"Individuals","isPartOf":{"@id":"https:\/\/leconcertautrement.com\/en\/#website"},"primaryImageOfPage":{"@id":"https:\/\/leconcertautrement.com\/en\/individuals\/#primaryimage"},"image":{"@id":"https:\/\/leconcertautrement.com\/en\/individuals\/#primaryimage"},"thumbnailUrl":"https:\/\/leconcertautrement.com\/wp-content\/uploads\/2023\/05\/soiree-particulier.png","datePublished":"2022-12-08T08:29:52+00:00","dateModified":"2023-06-15T15:20:19+00:00","description":"Organize your event, A privileged atmosphere, a source of sharing and encounters, The spectator is the artist's guest...","breadcrumb":{"@id":"https:\/\/leconcertautrement.com\/en\/individuals\/#breadcrumb"},"inLanguage":"en-US","potentialAction":[{"@type":"ReadAction","target":["https:\/\/leconcertautrement.com\/en\/individuals\/"]}]},{"@type":"ImageObject","inLanguage":"en-US","@id":"https:\/\/leconcertautrement.com\/en\/individuals\/#primaryimage","url":"https:\/\/leconcertautrement.com\/wp-content\/uploads\/2023\/05\/soiree-particulier.png","contentUrl":"https:\/\/leconcertautrement.com\/wp-content\/uploads\/2023\/05\/soiree-particulier.png","width":1024,"height":1024},{"@type":"BreadcrumbList","@id":"https:\/\/leconcertautrement.com\/en\/individuals\/#breadcrumb","itemListElement":[{"@type":"ListItem","position":1,"name":"Accueil","item":"https:\/\/leconcertautrement.com\/en\/"},{"@type":"ListItem","position":2,"name":"Individuals"}]},{"@type":"WebSite","@id":"https:\/\/leconcertautrement.com\/en\/#website","url":"https:\/\/leconcertautrement.com\/en\/","name":"Le concert autrement","description":"Une exp\u00e9rience sensible et immersive, entre musique, r\u00e9cit et \u00e9motion.","publisher":{"@id":"https:\/\/leconcertautrement.com\/en\/#organization"},"potentialAction":[{"@type":"SearchAction","target":{"@type":"EntryPoint","urlTemplate":"https:\/\/leconcertautrement.com\/en\/?s={search_term_string}"},"query-input":{"@type":"PropertyValueSpecification","valueRequired":true,"valueName":"search_term_string"}}],"inLanguage":"en-US"},{"@type":"Organization","@id":"https:\/\/leconcertautrement.com\/en\/#organization","name":"Le concert autrement","url":"https:\/\/leconcertautrement.com\/en\/","logo":{"@type":"ImageObject","inLanguage":"en-US","@id":"https:\/\/leconcertautrement.com\/en\/#\/schema\/logo\/image\/","url":"https:\/\/leconcertautrement.com\/wp-content\/uploads\/2026\/04\/LOGO-NOIR-768x456.png.webp","contentUrl":"https:\/\/leconcertautrement.com\/wp-content\/uploads\/2026\/04\/LOGO-NOIR-768x456.png.webp","width":768,"height":456,"caption":"Le concert autrement"},"image":{"@id":"https:\/\/leconcertautrement.com\/en\/#\/schema\/logo\/image\/"}}]}},"_links":{"self":[{"href":"https:\/\/leconcertautrement.com\/en\/wp-json\/wp\/v2\/pages\/1056","targetHints":{"allow":["GET"]}}],"collection":[{"href":"https:\/\/leconcertautrement.com\/en\/wp-json\/wp\/v2\/pages"}],"about":[{"href":"https:\/\/leconcertautrement.com\/en\/wp-json\/wp\/v2\/types\/page"}],"author":[{"embeddable":true,"href":"https:\/\/leconcertautrement.com\/en\/wp-json\/wp\/v2\/users\/1"}],"replies":[{"embeddable":true,"href":"https:\/\/leconcertautrement.com\/en\/wp-json\/wp\/v2\/comments?post=1056"}],"version-history":[{"count":2,"href":"https:\/\/leconcertautrement.com\/en\/wp-json\/wp\/v2\/pages\/1056\/revisions"}],"predecessor-version":[{"id":1058,"href":"https:\/\/leconcertautrement.com\/en\/wp-json\/wp\/v2\/pages\/1056\/revisions\/1058"}],"wp:featuredmedia":[{"embeddable":true,"href":"https:\/\/leconcertautrement.com\/en\/wp-json\/wp\/v2\/media\/1007"}],"wp:attachment":[{"href":"https:\/\/leconcertautrement.com\/en\/wp-json\/wp\/v2\/media?parent=1056"}],"curies":[{"name":"wp","href":"https:\/\/api.w.org\/{rel}","templated":true}]}}