{"id":1050,"date":"2023-06-13T17:04:35","date_gmt":"2023-06-13T15:04:35","guid":{"rendered":"https:\/\/leconcertautrement.com\/privacy-policy\/"},"modified":"2023-06-15T17:19:57","modified_gmt":"2023-06-15T15:19:57","slug":"privacy-policy","status":"publish","type":"page","link":"https:\/\/leconcertautrement.com\/en\/privacy-policy\/","title":{"rendered":"Privacy Policy"},"content":{"rendered":"\t\t<div data-elementor-type=\"wp-page\" data-elementor-id=\"1050\" class=\"elementor elementor-1050 elementor-956\" data-elementor-post-type=\"page\">\n\t\t\t\t\t\t<section class=\"elementor-section elementor-top-section elementor-element elementor-element-0900933 elementor-section-boxed elementor-section-height-default elementor-section-height-default\" data-id=\"0900933\" data-element_type=\"section\" data-e-type=\"section\" data-settings=\"{&quot;jet_parallax_layout_list&quot;:[]}\">\n\t\t\t\t\t\t<div class=\"elementor-container elementor-column-gap-default\">\n\t\t\t\t\t<div class=\"elementor-column elementor-col-100 elementor-top-column elementor-element elementor-element-23e724b\" data-id=\"23e724b\" data-element_type=\"column\" data-e-type=\"column\">\n\t\t\t<div class=\"elementor-widget-wrap elementor-element-populated\">\n\t\t\t\t\t\t<div class=\"elementor-element elementor-element-0412165 elementor-widget elementor-widget-heading\" data-id=\"0412165\" data-element_type=\"widget\" data-e-type=\"widget\" data-widget_type=\"heading.default\">\n\t\t\t\t<div class=\"elementor-widget-container\">\n\t\t\t\t\t<h1 class=\"elementor-heading-title elementor-size-default\">Privacy Policy<\/h1>\t\t\t\t<\/div>\n\t\t\t\t<\/div>\n\t\t\t\t<div class=\"elementor-element elementor-element-0a379c5 elementor-widget elementor-widget-text-editor\" data-id=\"0a379c5\" data-element_type=\"widget\" data-e-type=\"widget\" data-widget_type=\"text-editor.default\">\n\t\t\t\t<div class=\"elementor-widget-container\">\n\t\t\t\t\t\t\t\t\t<div>\n<p><strong>The purpose of this privacy policy:<\/strong><\/p>\n<p>The purpose of this privacy policy is to inform users of our site of the personal data we will collect and the following information, where applicable:<\/p>\n<ol>\n<li>The personal data we will collect<\/li>\n<li>The use of the data collected<\/li>\n<li>Who has access to the data collected<\/li>\n<li>Site user rights<\/li>\n<li>Site cookie policy<\/li>\n<\/ol>\n<p>This&nbsp; privacy policy operates in parallel with our site&#8217;s general terms of use.<\/p>\n<p><strong>Applicable laws:<\/strong><\/p>\n<p>In accordance with the&nbsp;<strong>\n  <em>General Data Protection Regulation<\/em>\n<\/strong>(RGPD), this privacy policy complies with the following regulations.<\/p>\n<p>Personal data must be:<\/p>\n<ol>\n<li>processed lawfully, fairly and transparently with regard to the data subject (lawfulness, transparency);<\/li>\n<li>collected for specified, explicit and legitimate purposes, and not further processed in a way incompatible with those purposes; further processing for archival purposes in the public interest, for scientific or historical research purposes or for statistical purposes is not considered, in accordance with Article 89(1), as incompatible with the original purposes (purpose limitation);<\/li>\n<li>adequate, relevant and limited to what is necessary for the purposes for which they are processed (data minimization);<\/li>\n<li>accurate and, where necessary, kept up to date, all reasonable steps must be taken to ensure that personal data which are inaccurate, having regard to the purposes for which they are processed, are erased or rectified without delay (accuracy);<\/li>\n<li>kept in a form which permits identification of data subjects for no longer than is necessary for the purposes for which they are processed; personal data may be kept for longer periods insofar as they are processed exclusively for archival purposes in the public interest, for scientific or historical research purposes or for statistical purposes in accordance with Article 89(1), provided that the appropriate technical and organizational measures required by the Regulation are implemented in order to guarantee the rights and freedoms of the data subject (storage limitation);<\/li>\n<li>processed in such a way as to ensure appropriate security of personal data, including protection against unauthorized or unlawful processing and against accidental loss, destruction or damage, using appropriate technical or organizational measures (integrity and confidentiality).<\/li>\n<\/ol>\n<p>Processing is lawful only if, and insofar as, at least one of the following conditions is met:<\/p>\n<ol>\n<li>the data subject has consented to the processing of his\/her personal data for one or more specific purposes;<\/li>\n<li>processing is necessary for the performance of a contract to which the data subject is party or for the performance of pre-contractual measures taken at the data subject&#8217;s request;<\/li>\n<li>the processing is necessary to comply with a legal obligation to which the data controller is subject;<\/li>\n<li>the processing is necessary to safeguard the vital interests of the data subject or of another natural person;<\/li>\n<li>the processing is necessary for the performance of a task carried out in the public interest or in the exercise of official authority vested in the controller;<\/li>\n<li>processing is necessary for the purposes of the legitimate interests pursued by the controller or by a third party, unless the interests or fundamental rights and freedoms of the data subject which require the protection of personal data prevail, in particular where the data subject is a child.<\/li>\n<\/ol>\n<p>For residents of the State of California, this privacy policy is intended to comply with the&nbsp;<strong>\n  <em>California Consumer Privacy Act(CCPA)<\/em>\n<\/strong>. If there are any inconsistencies between this document and the CCPA, state legislation will apply. If we find any inconsistencies, we will amend our policy to comply with the relevant legislation*.<\/p>\n<p><strong>Consent:<\/strong><\/p>\n<p>Users agree that by using our site, they consent to:<\/p>\n<ol>\n<li>the terms and conditions set out in this Privacy Policy, and<\/li>\n<li>the collection, use and retention of the data listed in this policy.<\/li>\n<\/ol>\n<p><strong>Data collected automatically :&nbsp;<\/strong><\/p>\n<p>We do not collect any data automatically on our site.<\/p>\n<p><strong>Data collected non-automatically :<\/strong><\/p>\n<p>We may also collect the following data when you perform certain functions on our site:&nbsp;<\/p>\n<ol>\n<li>First and last name<\/li>\n<li>Email<\/li>\n<li>Phone number<\/li>\n<li>Company<\/li>\n<\/ol>\n<p>This data can be collected using the following methods:<\/p>\n<ol>\n<li>Contact form<\/li>\n<\/ol>\n<p>Please note that we only collect data that helps us achieve the purpose stated in this policy or indicated on the relevant pages of our site. We will not use your data beyond what we disclose.<\/p>\n<p>The data we collect when the user performs certain functions may be used for the following purposes:<\/p>\n<ol>\n<li>Commercial approach<\/li>\n<li>Quotation creation<\/li>\n<li>Answering any questions<\/li>\n<\/ol>\n<\/div>\n<div>\n<p><strong>With whom we share personal data :<\/strong><\/p>\n<p>Only Le concert autrement has access to user data.<\/p>\n<p>Third parties will not be able to access user data.&nbsp;<\/p>\n<p><strong>Other disclosures :<\/strong><\/p>\n<p>We undertake not to sell or share your data with third parties, except in the following cases:<\/p>\n<ol>\n<li>If required by law<\/li>\n<li>if required for any legal proceedings<\/li>\n<li>to prove or protect our legal rights<\/li>\n<li>to purchasers or potential purchasers of this company in the event that we seek to sell the company<\/li>\n<\/ol>\n<p>If you follow hyperlinks from our site to another site, please note that we are not responsible for and have no control over their privacy policies and practices.<\/p>\n<p><strong>How long we store personal data :<\/strong><\/p>\n<p><\/p>\n<\/div>\n<div>\n<p><span class=\"has-inline-color \">User data is kept indefinitely unless the user requests deletion from the https:\/\/leconcertautrement.com\/ website administrator.<\/span><\/p>\n<p><\/p>\n<div>\n<div>\n<p><strong><span class=\"has-inline-color \">Protection of your personal data :<\/span><\/strong><\/p>\n<\/div>\n<div>\n<p><span class=\"has-inline-color \">While we take every reasonable precaution to ensure that our user data is secure and that users are protected, there is always a risk of harm. The internet as a whole can sometimes be insecure, and so we are unable to guarantee the security of user data beyond what is reasonably practical.<\/span><\/p>\n<\/div>\n<div>\n<p><strong><span class=\"has-inline-color \">International data transfers :<\/span><\/strong><\/p>\n<\/div>\n<div>\n<p><span class=\"has-inline-color \">User data may be consulted, processed or collected in the following countries:<\/span><\/p>\n<\/div>\n<div>\n<p><span class=\"has-inline-color \">France.<\/span><\/p>\n<\/div>\n<div>\n<p><strong><span class=\"has-inline-color \">Minors :<\/span><\/strong><\/p>\n<\/div>\n<div>\n<p><span class=\"has-inline-color \">The RGPD specifies that people under the age of 15 are considered minors for the purposes of data collection. Minors must have the consent of a legal representative for their data to be collected, processed and used.<\/span><\/p>\n<\/div>\n<div>\n<p><strong><span class=\"has-inline-color \">Your rights as a user :<\/span><\/strong><\/p>\n<\/div>\n<div>\n<p><span class=\"has-inline-color \">Under the GDPR, users have the following rights as data subjects:<\/span><\/p>\n<\/div>\n<div>\n<ol>\n<li><span class=\"has-inline-color \">right of access<\/span><\/li>\n<li><span class=\"has-inline-color \">right of rectification<\/span><\/li>\n<li><span class=\"has-inline-color \">right to erasure<\/span><\/li>\n<li><span class=\"has-inline-color \">right to restrict processing<\/span><\/li>\n<li><span class=\"has-inline-color \">right to data portability<\/span><\/li>\n<li><span class=\"has-inline-color \">right of objection<\/span><\/li>\n<\/ol>\n<\/div>\n<div>\n<p><span class=\"has-inline-color \">Further information on these rights can be found in chapter 3 (art 12-23) of the RGPD.<\/span><\/p>\n<\/div>\n<div>\n<p><strong><span class=\"has-inline-color \">How to modify, delete or contest the data collected :<\/span><\/strong><\/p>\n<\/div>\n<div>\n<p><span class=\"has-inline-color \">If you wish to have your information deleted or modified in any way, please contact our Privacy Officer here :<\/span><\/p>\n<\/div>\n<div>\n<p>Contact@leconcertautrement.com<br><\/p>\n<\/div>\n<div>\n<\/div>\n<div>\n<p><strong>\n  <span class=\"has-inline-color \">Cookie policy<\/span>\n<\/strong>&nbsp;:<\/p>\n<\/div>\n<div>\n<p><span class=\"has-inline-color \">A cookie is a small file stored on a user&#8217;s hard disk by the website. Its purpose is to collect data relating to the user&#8217;s browsing habits.<\/span><\/p>\n<\/div>\n<div>\n<p><span class=\"has-inline-color \">We use the following types of cookies on our site:<\/span><\/p>\n<\/div>\n<div>\n<ul>\n<li><strong>\n  <span class=\"has-inline-color \">Functional cookies<\/span>\n<\/strong>&nbsp;<span class=\"has-inline-color \">(we use them to memorize any selections you make on our site so that they can be saved for future visits)<\/span><\/li>\n<\/ul>\n<\/div>\n<div>\n<p><span class=\"has-inline-color \">You can choose to be notified each time a cookie is sent. You can also choose to disable cookies entirely in your web browser, but this may reduce the quality of your user experience.<\/span><\/p>\n<\/div>\n<div>\n<p><strong><span class=\"has-inline-color \">Modifications :<\/span><\/strong><\/p>\n<\/div>\n<div>\n<p><span class=\"has-inline-color \">This Privacy Policy may be amended from time to time to maintain compliance with the law and to reflect any changes to our data collection process. We recommend that our users check our policy from time to time to ensure that they are aware of any updates. If necessary, we may notify users by e-mail of changes to this policy.<\/span><\/p>\n<\/div>\n<div>\n<p><span class=\"has-inline-color\"><strong><em>Effective date: June 13, 2023<\/em><\/strong><\/span><\/p>\n<\/div>\n<\/div>\n<\/div>\t\t\t\t\t\t\t\t<\/div>\n\t\t\t\t<\/div>\n\t\t\t\t\t<\/div>\n\t\t<\/div>\n\t\t\t\t\t<\/div>\n\t\t<\/section>\n\t\t\t\t<\/div>\n\t\t","protected":false},"excerpt":{"rendered":"<p>Privacy Policy The purpose of this privacy policy: The purpose of this privacy policy is to inform users of our site of the personal data we will collect and the following information, where applicable: The personal data we will collect The use of the data collected Who has access to the data collected Site user [&hellip;]<\/p>\n","protected":false},"author":1,"featured_media":0,"parent":0,"menu_order":0,"comment_status":"closed","ping_status":"closed","template":"elementor_header_footer","meta":{"om_disable_all_campaigns":false,"_monsterinsights_skip_tracking":false,"_monsterinsights_sitenote_active":false,"_monsterinsights_sitenote_note":"","_monsterinsights_sitenote_category":0,"site-sidebar-layout":"no-sidebar","site-content-layout":"page-builder","ast-site-content-layout":"default","site-content-style":"default","site-sidebar-style":"default","ast-global-header-display":"","ast-banner-title-visibility":"","ast-main-header-display":"","ast-hfb-above-header-display":"","ast-hfb-below-header-display":"","ast-hfb-mobile-header-display":"","site-post-title":"disabled","ast-breadcrumbs-content":"","ast-featured-img":"disabled","footer-sml-layout":"","theme-transparent-header-meta":"","adv-header-id-meta":"","stick-header-meta":"","header-above-stick-meta":"","header-main-stick-meta":"","header-below-stick-meta":"","astra-migrate-meta-layouts":"default","ast-page-background-enabled":"default","ast-page-background-meta":{"desktop":{"background-color":"var(--ast-global-color-4)","background-image":"","background-repeat":"repeat","background-position":"center center","background-size":"auto","background-attachment":"scroll","background-type":"","background-media":"","overlay-type":"","overlay-color":"","overlay-opacity":"","overlay-gradient":""},"tablet":{"background-color":"","background-image":"","background-repeat":"repeat","background-position":"center center","background-size":"auto","background-attachment":"scroll","background-type":"","background-media":"","overlay-type":"","overlay-color":"","overlay-opacity":"","overlay-gradient":""},"mobile":{"background-color":"","background-image":"","background-repeat":"repeat","background-position":"center center","background-size":"auto","background-attachment":"scroll","background-type":"","background-media":"","overlay-type":"","overlay-color":"","overlay-opacity":"","overlay-gradient":""}},"ast-content-background-meta":{"desktop":{"background-color":"var(--ast-global-color-5)","background-image":"","background-repeat":"repeat","background-position":"center center","background-size":"auto","background-attachment":"scroll","background-type":"","background-media":"","overlay-type":"","overlay-color":"","overlay-opacity":"","overlay-gradient":""},"tablet":{"background-color":"var(--ast-global-color-5)","background-image":"","background-repeat":"repeat","background-position":"center center","background-size":"auto","background-attachment":"scroll","background-type":"","background-media":"","overlay-type":"","overlay-color":"","overlay-opacity":"","overlay-gradient":""},"mobile":{"background-color":"var(--ast-global-color-5)","background-image":"","background-repeat":"repeat","background-position":"center center","background-size":"auto","background-attachment":"scroll","background-type":"","background-media":"","overlay-type":"","overlay-color":"","overlay-opacity":"","overlay-gradient":""}},"footnotes":""},"class_list":["post-1050","page","type-page","status-publish","hentry"],"yoast_head":"<!-- This site is optimized with the Yoast SEO plugin v27.3 - https:\/\/yoast.com\/product\/yoast-seo-wordpress\/ -->\n<title>Privacy Policy<\/title>\n<meta name=\"robots\" content=\"noindex, follow\" \/>\n<meta property=\"og:locale\" content=\"en_US\" \/>\n<meta property=\"og:type\" content=\"article\" \/>\n<meta property=\"og:title\" content=\"Privacy Policy\" \/>\n<meta property=\"og:description\" content=\"Privacy Policy The purpose of this privacy policy: The purpose of this privacy policy is to inform users of our site of the personal data we will collect and the following information, where applicable: The personal data we will collect The use of the data collected Who has access to the data collected Site user [&hellip;]\" \/>\n<meta property=\"og:url\" content=\"https:\/\/leconcertautrement.com\/en\/privacy-policy\/\" \/>\n<meta property=\"og:site_name\" content=\"Le concert autrement\" \/>\n<meta property=\"article:modified_time\" content=\"2023-06-15T15:19:57+00:00\" \/>\n<meta name=\"twitter:card\" content=\"summary_large_image\" \/>\n<meta name=\"twitter:label1\" content=\"Est. reading time\" \/>\n\t<meta name=\"twitter:data1\" content=\"6 minutes\" \/>\n<script type=\"application\/ld+json\" class=\"yoast-schema-graph\">{\"@context\":\"https:\\\/\\\/schema.org\",\"@graph\":[{\"@type\":\"WebPage\",\"@id\":\"https:\\\/\\\/leconcertautrement.com\\\/en\\\/privacy-policy\\\/\",\"url\":\"https:\\\/\\\/leconcertautrement.com\\\/en\\\/privacy-policy\\\/\",\"name\":\"Privacy Policy\",\"isPartOf\":{\"@id\":\"https:\\\/\\\/leconcertautrement.com\\\/en\\\/#website\"},\"datePublished\":\"2023-06-13T15:04:35+00:00\",\"dateModified\":\"2023-06-15T15:19:57+00:00\",\"breadcrumb\":{\"@id\":\"https:\\\/\\\/leconcertautrement.com\\\/en\\\/privacy-policy\\\/#breadcrumb\"},\"inLanguage\":\"en-US\",\"potentialAction\":[{\"@type\":\"ReadAction\",\"target\":[\"https:\\\/\\\/leconcertautrement.com\\\/en\\\/privacy-policy\\\/\"]}]},{\"@type\":\"BreadcrumbList\",\"@id\":\"https:\\\/\\\/leconcertautrement.com\\\/en\\\/privacy-policy\\\/#breadcrumb\",\"itemListElement\":[{\"@type\":\"ListItem\",\"position\":1,\"name\":\"Accueil\",\"item\":\"https:\\\/\\\/leconcertautrement.com\\\/en\\\/\"},{\"@type\":\"ListItem\",\"position\":2,\"name\":\"Privacy Policy\"}]},{\"@type\":\"WebSite\",\"@id\":\"https:\\\/\\\/leconcertautrement.com\\\/en\\\/#website\",\"url\":\"https:\\\/\\\/leconcertautrement.com\\\/en\\\/\",\"name\":\"Le concert autrement\",\"description\":\"Une exp\u00e9rience sensible et immersive, entre musique, r\u00e9cit et \u00e9motion.\",\"publisher\":{\"@id\":\"https:\\\/\\\/leconcertautrement.com\\\/en\\\/#organization\"},\"potentialAction\":[{\"@type\":\"SearchAction\",\"target\":{\"@type\":\"EntryPoint\",\"urlTemplate\":\"https:\\\/\\\/leconcertautrement.com\\\/en\\\/?s={search_term_string}\"},\"query-input\":{\"@type\":\"PropertyValueSpecification\",\"valueRequired\":true,\"valueName\":\"search_term_string\"}}],\"inLanguage\":\"en-US\"},{\"@type\":\"Organization\",\"@id\":\"https:\\\/\\\/leconcertautrement.com\\\/en\\\/#organization\",\"name\":\"Le concert autrement\",\"url\":\"https:\\\/\\\/leconcertautrement.com\\\/en\\\/\",\"logo\":{\"@type\":\"ImageObject\",\"inLanguage\":\"en-US\",\"@id\":\"https:\\\/\\\/leconcertautrement.com\\\/en\\\/#\\\/schema\\\/logo\\\/image\\\/\",\"url\":\"https:\\\/\\\/leconcertautrement.com\\\/wp-content\\\/uploads\\\/2026\\\/04\\\/LOGO-NOIR-768x456.png.webp\",\"contentUrl\":\"https:\\\/\\\/leconcertautrement.com\\\/wp-content\\\/uploads\\\/2026\\\/04\\\/LOGO-NOIR-768x456.png.webp\",\"width\":768,\"height\":456,\"caption\":\"Le concert autrement\"},\"image\":{\"@id\":\"https:\\\/\\\/leconcertautrement.com\\\/en\\\/#\\\/schema\\\/logo\\\/image\\\/\"}}]}<\/script>\n<!-- \/ Yoast SEO plugin. -->","yoast_head_json":{"title":"Privacy Policy","robots":{"index":"noindex","follow":"follow"},"og_locale":"en_US","og_type":"article","og_title":"Privacy Policy","og_description":"Privacy Policy The purpose of this privacy policy: The purpose of this privacy policy is to inform users of our site of the personal data we will collect and the following information, where applicable: The personal data we will collect The use of the data collected Who has access to the data collected Site user [&hellip;]","og_url":"https:\/\/leconcertautrement.com\/en\/privacy-policy\/","og_site_name":"Le concert autrement","article_modified_time":"2023-06-15T15:19:57+00:00","twitter_card":"summary_large_image","twitter_misc":{"Est. reading time":"6 minutes"},"schema":{"@context":"https:\/\/schema.org","@graph":[{"@type":"WebPage","@id":"https:\/\/leconcertautrement.com\/en\/privacy-policy\/","url":"https:\/\/leconcertautrement.com\/en\/privacy-policy\/","name":"Privacy Policy","isPartOf":{"@id":"https:\/\/leconcertautrement.com\/en\/#website"},"datePublished":"2023-06-13T15:04:35+00:00","dateModified":"2023-06-15T15:19:57+00:00","breadcrumb":{"@id":"https:\/\/leconcertautrement.com\/en\/privacy-policy\/#breadcrumb"},"inLanguage":"en-US","potentialAction":[{"@type":"ReadAction","target":["https:\/\/leconcertautrement.com\/en\/privacy-policy\/"]}]},{"@type":"BreadcrumbList","@id":"https:\/\/leconcertautrement.com\/en\/privacy-policy\/#breadcrumb","itemListElement":[{"@type":"ListItem","position":1,"name":"Accueil","item":"https:\/\/leconcertautrement.com\/en\/"},{"@type":"ListItem","position":2,"name":"Privacy Policy"}]},{"@type":"WebSite","@id":"https:\/\/leconcertautrement.com\/en\/#website","url":"https:\/\/leconcertautrement.com\/en\/","name":"Le concert autrement","description":"Une exp\u00e9rience sensible et immersive, entre musique, r\u00e9cit et \u00e9motion.","publisher":{"@id":"https:\/\/leconcertautrement.com\/en\/#organization"},"potentialAction":[{"@type":"SearchAction","target":{"@type":"EntryPoint","urlTemplate":"https:\/\/leconcertautrement.com\/en\/?s={search_term_string}"},"query-input":{"@type":"PropertyValueSpecification","valueRequired":true,"valueName":"search_term_string"}}],"inLanguage":"en-US"},{"@type":"Organization","@id":"https:\/\/leconcertautrement.com\/en\/#organization","name":"Le concert autrement","url":"https:\/\/leconcertautrement.com\/en\/","logo":{"@type":"ImageObject","inLanguage":"en-US","@id":"https:\/\/leconcertautrement.com\/en\/#\/schema\/logo\/image\/","url":"https:\/\/leconcertautrement.com\/wp-content\/uploads\/2026\/04\/LOGO-NOIR-768x456.png.webp","contentUrl":"https:\/\/leconcertautrement.com\/wp-content\/uploads\/2026\/04\/LOGO-NOIR-768x456.png.webp","width":768,"height":456,"caption":"Le concert autrement"},"image":{"@id":"https:\/\/leconcertautrement.com\/en\/#\/schema\/logo\/image\/"}}]}},"_links":{"self":[{"href":"https:\/\/leconcertautrement.com\/en\/wp-json\/wp\/v2\/pages\/1050","targetHints":{"allow":["GET"]}}],"collection":[{"href":"https:\/\/leconcertautrement.com\/en\/wp-json\/wp\/v2\/pages"}],"about":[{"href":"https:\/\/leconcertautrement.com\/en\/wp-json\/wp\/v2\/types\/page"}],"author":[{"embeddable":true,"href":"https:\/\/leconcertautrement.com\/en\/wp-json\/wp\/v2\/users\/1"}],"replies":[{"embeddable":true,"href":"https:\/\/leconcertautrement.com\/en\/wp-json\/wp\/v2\/comments?post=1050"}],"version-history":[{"count":4,"href":"https:\/\/leconcertautrement.com\/en\/wp-json\/wp\/v2\/pages\/1050\/revisions"}],"predecessor-version":[{"id":1055,"href":"https:\/\/leconcertautrement.com\/en\/wp-json\/wp\/v2\/pages\/1050\/revisions\/1055"}],"wp:attachment":[{"href":"https:\/\/leconcertautrement.com\/en\/wp-json\/wp\/v2\/media?parent=1050"}],"curies":[{"name":"wp","href":"https:\/\/api.w.org\/{rel}","templated":true}]}}