{"id":1045,"date":"2022-12-08T09:31:04","date_gmt":"2022-12-08T08:31:04","guid":{"rendered":"https:\/\/leconcertautrement.com\/professionals\/"},"modified":"2023-06-15T17:19:28","modified_gmt":"2023-06-15T15:19:28","slug":"professionals","status":"publish","type":"page","link":"https:\/\/leconcertautrement.com\/en\/professionals\/","title":{"rendered":"Professionals"},"content":{"rendered":"\t\t<div data-elementor-type=\"wp-page\" data-elementor-id=\"1045\" class=\"elementor elementor-1045 elementor-91\" data-elementor-post-type=\"page\">\n\t\t\t\t\t\t<section class=\"elementor-section elementor-top-section elementor-element elementor-element-c053a17 elementor-section-height-min-height elementor-section-boxed elementor-section-height-default elementor-section-items-middle\" data-id=\"c053a17\" data-element_type=\"section\" data-e-type=\"section\" data-settings=\"{&quot;jet_parallax_layout_list&quot;:[],&quot;background_background&quot;:&quot;classic&quot;}\">\n\t\t\t\t\t\t\t<div class=\"elementor-background-overlay\"><\/div>\n\t\t\t\t\t\t\t<div class=\"elementor-container elementor-column-gap-default\">\n\t\t\t\t\t<div class=\"elementor-column elementor-col-100 elementor-top-column elementor-element elementor-element-f80e567\" data-id=\"f80e567\" data-element_type=\"column\" data-e-type=\"column\">\n\t\t\t<div class=\"elementor-widget-wrap elementor-element-populated\">\n\t\t\t\t\t\t<div class=\"elementor-element elementor-element-c5ddf3f animated-slow elementor-invisible elementor-widget elementor-widget-heading\" data-id=\"c5ddf3f\" data-element_type=\"widget\" data-e-type=\"widget\" data-settings=\"{&quot;_animation&quot;:&quot;fadeInUp&quot;,&quot;_animation_delay&quot;:500}\" data-widget_type=\"heading.default\">\n\t\t\t\t<div class=\"elementor-widget-container\">\n\t\t\t\t\t<h1 class=\"elementor-heading-title elementor-size-default\">Professionals<\/h1>\t\t\t\t<\/div>\n\t\t\t\t<\/div>\n\t\t\t\t<div class=\"elementor-element elementor-element-1a6724e animated-slow elementor-invisible elementor-widget elementor-widget-heading\" data-id=\"1a6724e\" data-element_type=\"widget\" data-e-type=\"widget\" data-settings=\"{&quot;_animation&quot;:&quot;fadeInUp&quot;,&quot;_animation_delay&quot;:1000}\" data-widget_type=\"heading.default\">\n\t\t\t\t<div class=\"elementor-widget-container\">\n\t\t\t\t\t<h2 class=\"elementor-heading-title elementor-size-default\">Events | Seminars | Business dinners<\/h2>\t\t\t\t<\/div>\n\t\t\t\t<\/div>\n\t\t\t\t<div class=\"elementor-element elementor-element-0a442c6 animated-slow elementor-invisible elementor-widget elementor-widget-heading\" data-id=\"0a442c6\" data-element_type=\"widget\" data-e-type=\"widget\" data-settings=\"{&quot;_animation&quot;:&quot;fadeInUp&quot;,&quot;_animation_delay&quot;:1500}\" data-widget_type=\"heading.default\">\n\t\t\t\t<div class=\"elementor-widget-container\">\n\t\t\t\t\t<h2 class=\"elementor-heading-title elementor-size-default\">Unite - Create professional opportunities - Stimulate creativity<\/h2>\t\t\t\t<\/div>\n\t\t\t\t<\/div>\n\t\t\t\t\t<\/div>\n\t\t<\/div>\n\t\t\t\t\t<\/div>\n\t\t<\/section>\n\t\t\t\t<section class=\"elementor-section elementor-top-section elementor-element elementor-element-1e7487d elementor-section-boxed elementor-section-height-default elementor-section-height-default\" data-id=\"1e7487d\" data-element_type=\"section\" data-e-type=\"section\" data-settings=\"{&quot;jet_parallax_layout_list&quot;:[]}\">\n\t\t\t\t\t\t<div class=\"elementor-container elementor-column-gap-default\">\n\t\t\t\t\t<div class=\"elementor-column elementor-col-100 elementor-top-column elementor-element elementor-element-d928bfc\" data-id=\"d928bfc\" data-element_type=\"column\" data-e-type=\"column\">\n\t\t\t<div class=\"elementor-widget-wrap elementor-element-populated\">\n\t\t\t\t\t\t<div class=\"elementor-element elementor-element-50c0119 elementor-invisible elementor-widget elementor-widget-heading\" data-id=\"50c0119\" data-element_type=\"widget\" data-e-type=\"widget\" data-settings=\"{&quot;_animation&quot;:&quot;fadeInLeft&quot;}\" data-widget_type=\"heading.default\">\n\t\t\t\t<div class=\"elementor-widget-container\">\n\t\t\t\t\t<h2 class=\"elementor-heading-title elementor-size-default\">Music to bring harmony and agreement  <\/h2>\t\t\t\t<\/div>\n\t\t\t\t<\/div>\n\t\t\t\t<section class=\"elementor-section elementor-inner-section elementor-element elementor-element-5ac64b7 elementor-section-boxed elementor-section-height-default elementor-section-height-default\" data-id=\"5ac64b7\" data-element_type=\"section\" data-e-type=\"section\" data-settings=\"{&quot;jet_parallax_layout_list&quot;:[]}\">\n\t\t\t\t\t\t<div class=\"elementor-container elementor-column-gap-default\">\n\t\t\t\t\t<div class=\"elementor-column elementor-col-50 elementor-inner-column elementor-element elementor-element-65af564\" data-id=\"65af564\" data-element_type=\"column\" data-e-type=\"column\">\n\t\t\t<div class=\"elementor-widget-wrap elementor-element-populated\">\n\t\t\t\t\t\t<div class=\"elementor-element elementor-element-924f4a4 elementor-invisible elementor-widget elementor-widget-image\" data-id=\"924f4a4\" data-element_type=\"widget\" data-e-type=\"widget\" data-settings=\"{&quot;_animation&quot;:&quot;fadeInUp&quot;}\" data-widget_type=\"image.default\">\n\t\t\t\t<div class=\"elementor-widget-container\">\n\t\t\t\t\t\t\t\t\t\t\t\t\t\t\t<img decoding=\"async\" src=\"https:\/\/leconcertautrement.com\/wp-content\/uploads\/2023\/05\/Soiree-professionnel.png\" title=\"Professionals\" alt=\"Soiree Professionnel\" loading=\"lazy\">\t\t\t\t\t\t\t\t\t\t\t\t\t\t\t<\/div>\n\t\t\t\t<\/div>\n\t\t\t\t\t<\/div>\n\t\t<\/div>\n\t\t\t\t<div class=\"elementor-column elementor-col-50 elementor-inner-column elementor-element elementor-element-7fa8785\" data-id=\"7fa8785\" data-element_type=\"column\" data-e-type=\"column\">\n\t\t\t<div class=\"elementor-widget-wrap elementor-element-populated\">\n\t\t\t\t\t\t<div class=\"elementor-element elementor-element-29ed471 elementor-invisible elementor-widget elementor-widget-text-editor\" data-id=\"29ed471\" data-element_type=\"widget\" data-e-type=\"widget\" data-settings=\"{&quot;_animation&quot;:&quot;fadeInRight&quot;}\" data-widget_type=\"text-editor.default\">\n\t\t\t\t<div class=\"elementor-widget-container\">\n\t\t\t\t\t\t\t\t\t<p>The&nbsp;concert, driven by a story&nbsp;, has the power to bring all collaborators to the doorstep of&nbsp;creative intelligence.<\/p>\n<p>Sharing music creates bonds that extend beyond the concert.<\/p>\n<p>Stimulating culture,&nbsp;interest and open-mindedness makes all the difference, and even more so in today&#8217;s business world.<\/p>\n<p><em><strong><u>Our services&nbsp;<\/u><\/strong><\/em><\/p>\n<p>&#8211; Tailor-made concerts or concerts based on corporate values<\/p>\n<p>&#8211; Exchanges:&nbsp;&nbsp;combining corporate values with those of the musical world<\/p>\n<p>&#8211; An immersive experience: &#8220;Creating a work of art&#8221; and &#8220;Creating a concert&#8221; workshops<\/p>\t\t\t\t\t\t\t\t<\/div>\n\t\t\t\t<\/div>\n\t\t\t\t\t<\/div>\n\t\t<\/div>\n\t\t\t\t\t<\/div>\n\t\t<\/section>\n\t\t\t\t\t<\/div>\n\t\t<\/div>\n\t\t\t\t\t<\/div>\n\t\t<\/section>\n\t\t\t\t<\/div>\n\t\t","protected":false},"excerpt":{"rendered":"<p>Professionals Events | Seminars | Business dinners Unite &#8211; Create professional opportunities &#8211; Stimulate creativity Music to bring harmony and agreement The&nbsp;concert, driven by a story&nbsp;, has the power to bring all collaborators to the doorstep of&nbsp;creative intelligence. Sharing music creates bonds that extend beyond the concert. Stimulating culture,&nbsp;interest and open-mindedness makes all the difference, [&hellip;]<\/p>\n","protected":false},"author":1,"featured_media":1008,"parent":0,"menu_order":0,"comment_status":"closed","ping_status":"closed","template":"elementor_header_footer","meta":{"om_disable_all_campaigns":false,"_monsterinsights_skip_tracking":false,"_monsterinsights_sitenote_active":false,"_monsterinsights_sitenote_note":"","_monsterinsights_sitenote_category":0,"site-sidebar-layout":"no-sidebar","site-content-layout":"page-builder","ast-site-content-layout":"full-width-container","site-content-style":"unboxed","site-sidebar-style":"unboxed","ast-global-header-display":"","ast-banner-title-visibility":"","ast-main-header-display":"","ast-hfb-above-header-display":"","ast-hfb-below-header-display":"","ast-hfb-mobile-header-display":"","site-post-title":"disabled","ast-breadcrumbs-content":"","ast-featured-img":"","footer-sml-layout":"","theme-transparent-header-meta":"","adv-header-id-meta":"","stick-header-meta":"","header-above-stick-meta":"","header-main-stick-meta":"","header-below-stick-meta":"","astra-migrate-meta-layouts":"default","ast-page-background-enabled":"default","ast-page-background-meta":{"desktop":{"background-color":"var(--ast-global-color-4)","background-image":"","background-repeat":"repeat","background-position":"center center","background-size":"auto","background-attachment":"scroll","background-type":"","background-media":"","overlay-type":"","overlay-color":"","overlay-opacity":"","overlay-gradient":""},"tablet":{"background-color":"","background-image":"","background-repeat":"repeat","background-position":"center center","background-size":"auto","background-attachment":"scroll","background-type":"","background-media":"","overlay-type":"","overlay-color":"","overlay-opacity":"","overlay-gradient":""},"mobile":{"background-color":"","background-image":"","background-repeat":"repeat","background-position":"center center","background-size":"auto","background-attachment":"scroll","background-type":"","background-media":"","overlay-type":"","overlay-color":"","overlay-opacity":"","overlay-gradient":""}},"ast-content-background-meta":{"desktop":{"background-color":"var(--ast-global-color-5)","background-image":"","background-repeat":"repeat","background-position":"center center","background-size":"auto","background-attachment":"scroll","background-type":"","background-media":"","overlay-type":"","overlay-color":"","overlay-opacity":"","overlay-gradient":""},"tablet":{"background-color":"var(--ast-global-color-5)","background-image":"","background-repeat":"repeat","background-position":"center center","background-size":"auto","background-attachment":"scroll","background-type":"","background-media":"","overlay-type":"","overlay-color":"","overlay-opacity":"","overlay-gradient":""},"mobile":{"background-color":"var(--ast-global-color-5)","background-image":"","background-repeat":"repeat","background-position":"center center","background-size":"auto","background-attachment":"scroll","background-type":"","background-media":"","overlay-type":"","overlay-color":"","overlay-opacity":"","overlay-gradient":""}},"footnotes":""},"class_list":["post-1045","page","type-page","status-publish","has-post-thumbnail","hentry"],"yoast_head":"<!-- This site is optimized with the Yoast SEO plugin v27.3 - https:\/\/yoast.com\/product\/yoast-seo-wordpress\/ -->\n<title>Professionals<\/title>\n<meta name=\"description\" content=\"Organizing a professional event, an immersive experience: &quot;Creating a work of art&quot; and &quot;Creating a concert&quot; workshops, combining values.\" \/>\n<meta name=\"robots\" content=\"index, follow, max-snippet:-1, max-image-preview:large, max-video-preview:-1\" \/>\n<link rel=\"canonical\" href=\"https:\/\/leconcertautrement.com\/en\/professionals\/\" \/>\n<meta property=\"og:locale\" content=\"en_US\" \/>\n<meta property=\"og:type\" content=\"article\" \/>\n<meta property=\"og:title\" content=\"Professionals\" \/>\n<meta property=\"og:description\" content=\"Organizing a professional event, an immersive experience: &quot;Creating a work of art&quot; and &quot;Creating a concert&quot; workshops, combining values.\" \/>\n<meta property=\"og:url\" content=\"https:\/\/leconcertautrement.com\/en\/professionals\/\" \/>\n<meta property=\"og:site_name\" content=\"Le concert autrement\" \/>\n<meta property=\"article:modified_time\" content=\"2023-06-15T15:19:28+00:00\" \/>\n<meta property=\"og:image\" content=\"https:\/\/leconcertautrement.com\/wp-content\/uploads\/2023\/05\/Soiree-professionnel.png\" \/>\n\t<meta property=\"og:image:width\" content=\"1024\" \/>\n\t<meta property=\"og:image:height\" content=\"1024\" \/>\n\t<meta property=\"og:image:type\" content=\"image\/png\" \/>\n<meta name=\"twitter:card\" content=\"summary_large_image\" \/>\n<meta name=\"twitter:label1\" content=\"Est. reading time\" \/>\n\t<meta name=\"twitter:data1\" content=\"1 minute\" \/>\n<script type=\"application\/ld+json\" class=\"yoast-schema-graph\">{\"@context\":\"https:\\\/\\\/schema.org\",\"@graph\":[{\"@type\":\"WebPage\",\"@id\":\"https:\\\/\\\/leconcertautrement.com\\\/en\\\/professionals\\\/\",\"url\":\"https:\\\/\\\/leconcertautrement.com\\\/en\\\/professionals\\\/\",\"name\":\"Professionals\",\"isPartOf\":{\"@id\":\"https:\\\/\\\/leconcertautrement.com\\\/en\\\/#website\"},\"primaryImageOfPage\":{\"@id\":\"https:\\\/\\\/leconcertautrement.com\\\/en\\\/professionals\\\/#primaryimage\"},\"image\":{\"@id\":\"https:\\\/\\\/leconcertautrement.com\\\/en\\\/professionals\\\/#primaryimage\"},\"thumbnailUrl\":\"https:\\\/\\\/leconcertautrement.com\\\/wp-content\\\/uploads\\\/2023\\\/05\\\/Soiree-professionnel.png\",\"datePublished\":\"2022-12-08T08:31:04+00:00\",\"dateModified\":\"2023-06-15T15:19:28+00:00\",\"description\":\"Organizing a professional event, an immersive experience: \\\"Creating a work of art\\\" and \\\"Creating a concert\\\" workshops, combining values.\",\"breadcrumb\":{\"@id\":\"https:\\\/\\\/leconcertautrement.com\\\/en\\\/professionals\\\/#breadcrumb\"},\"inLanguage\":\"en-US\",\"potentialAction\":[{\"@type\":\"ReadAction\",\"target\":[\"https:\\\/\\\/leconcertautrement.com\\\/en\\\/professionals\\\/\"]}]},{\"@type\":\"ImageObject\",\"inLanguage\":\"en-US\",\"@id\":\"https:\\\/\\\/leconcertautrement.com\\\/en\\\/professionals\\\/#primaryimage\",\"url\":\"https:\\\/\\\/leconcertautrement.com\\\/wp-content\\\/uploads\\\/2023\\\/05\\\/Soiree-professionnel.png\",\"contentUrl\":\"https:\\\/\\\/leconcertautrement.com\\\/wp-content\\\/uploads\\\/2023\\\/05\\\/Soiree-professionnel.png\",\"width\":1024,\"height\":1024},{\"@type\":\"BreadcrumbList\",\"@id\":\"https:\\\/\\\/leconcertautrement.com\\\/en\\\/professionals\\\/#breadcrumb\",\"itemListElement\":[{\"@type\":\"ListItem\",\"position\":1,\"name\":\"Accueil\",\"item\":\"https:\\\/\\\/leconcertautrement.com\\\/en\\\/\"},{\"@type\":\"ListItem\",\"position\":2,\"name\":\"Professionals\"}]},{\"@type\":\"WebSite\",\"@id\":\"https:\\\/\\\/leconcertautrement.com\\\/en\\\/#website\",\"url\":\"https:\\\/\\\/leconcertautrement.com\\\/en\\\/\",\"name\":\"Le concert autrement\",\"description\":\"Une exp\u00e9rience sensible et immersive, entre musique, r\u00e9cit et \u00e9motion.\",\"publisher\":{\"@id\":\"https:\\\/\\\/leconcertautrement.com\\\/en\\\/#organization\"},\"potentialAction\":[{\"@type\":\"SearchAction\",\"target\":{\"@type\":\"EntryPoint\",\"urlTemplate\":\"https:\\\/\\\/leconcertautrement.com\\\/en\\\/?s={search_term_string}\"},\"query-input\":{\"@type\":\"PropertyValueSpecification\",\"valueRequired\":true,\"valueName\":\"search_term_string\"}}],\"inLanguage\":\"en-US\"},{\"@type\":\"Organization\",\"@id\":\"https:\\\/\\\/leconcertautrement.com\\\/en\\\/#organization\",\"name\":\"Le concert autrement\",\"url\":\"https:\\\/\\\/leconcertautrement.com\\\/en\\\/\",\"logo\":{\"@type\":\"ImageObject\",\"inLanguage\":\"en-US\",\"@id\":\"https:\\\/\\\/leconcertautrement.com\\\/en\\\/#\\\/schema\\\/logo\\\/image\\\/\",\"url\":\"https:\\\/\\\/leconcertautrement.com\\\/wp-content\\\/uploads\\\/2026\\\/04\\\/LOGO-NOIR-768x456.png.webp\",\"contentUrl\":\"https:\\\/\\\/leconcertautrement.com\\\/wp-content\\\/uploads\\\/2026\\\/04\\\/LOGO-NOIR-768x456.png.webp\",\"width\":768,\"height\":456,\"caption\":\"Le concert autrement\"},\"image\":{\"@id\":\"https:\\\/\\\/leconcertautrement.com\\\/en\\\/#\\\/schema\\\/logo\\\/image\\\/\"}}]}<\/script>\n<!-- \/ Yoast SEO plugin. -->","yoast_head_json":{"title":"Professionals","description":"Organizing a professional event, an immersive experience: \"Creating a work of art\" and \"Creating a concert\" workshops, combining values.","robots":{"index":"index","follow":"follow","max-snippet":"max-snippet:-1","max-image-preview":"max-image-preview:large","max-video-preview":"max-video-preview:-1"},"canonical":"https:\/\/leconcertautrement.com\/en\/professionals\/","og_locale":"en_US","og_type":"article","og_title":"Professionals","og_description":"Organizing a professional event, an immersive experience: \"Creating a work of art\" and \"Creating a concert\" workshops, combining values.","og_url":"https:\/\/leconcertautrement.com\/en\/professionals\/","og_site_name":"Le concert autrement","article_modified_time":"2023-06-15T15:19:28+00:00","og_image":[{"width":1024,"height":1024,"url":"https:\/\/leconcertautrement.com\/wp-content\/uploads\/2023\/05\/Soiree-professionnel.png","type":"image\/png"}],"twitter_card":"summary_large_image","twitter_misc":{"Est. reading time":"1 minute"},"schema":{"@context":"https:\/\/schema.org","@graph":[{"@type":"WebPage","@id":"https:\/\/leconcertautrement.com\/en\/professionals\/","url":"https:\/\/leconcertautrement.com\/en\/professionals\/","name":"Professionals","isPartOf":{"@id":"https:\/\/leconcertautrement.com\/en\/#website"},"primaryImageOfPage":{"@id":"https:\/\/leconcertautrement.com\/en\/professionals\/#primaryimage"},"image":{"@id":"https:\/\/leconcertautrement.com\/en\/professionals\/#primaryimage"},"thumbnailUrl":"https:\/\/leconcertautrement.com\/wp-content\/uploads\/2023\/05\/Soiree-professionnel.png","datePublished":"2022-12-08T08:31:04+00:00","dateModified":"2023-06-15T15:19:28+00:00","description":"Organizing a professional event, an immersive experience: \"Creating a work of art\" and \"Creating a concert\" workshops, combining values.","breadcrumb":{"@id":"https:\/\/leconcertautrement.com\/en\/professionals\/#breadcrumb"},"inLanguage":"en-US","potentialAction":[{"@type":"ReadAction","target":["https:\/\/leconcertautrement.com\/en\/professionals\/"]}]},{"@type":"ImageObject","inLanguage":"en-US","@id":"https:\/\/leconcertautrement.com\/en\/professionals\/#primaryimage","url":"https:\/\/leconcertautrement.com\/wp-content\/uploads\/2023\/05\/Soiree-professionnel.png","contentUrl":"https:\/\/leconcertautrement.com\/wp-content\/uploads\/2023\/05\/Soiree-professionnel.png","width":1024,"height":1024},{"@type":"BreadcrumbList","@id":"https:\/\/leconcertautrement.com\/en\/professionals\/#breadcrumb","itemListElement":[{"@type":"ListItem","position":1,"name":"Accueil","item":"https:\/\/leconcertautrement.com\/en\/"},{"@type":"ListItem","position":2,"name":"Professionals"}]},{"@type":"WebSite","@id":"https:\/\/leconcertautrement.com\/en\/#website","url":"https:\/\/leconcertautrement.com\/en\/","name":"Le concert autrement","description":"Une exp\u00e9rience sensible et immersive, entre musique, r\u00e9cit et \u00e9motion.","publisher":{"@id":"https:\/\/leconcertautrement.com\/en\/#organization"},"potentialAction":[{"@type":"SearchAction","target":{"@type":"EntryPoint","urlTemplate":"https:\/\/leconcertautrement.com\/en\/?s={search_term_string}"},"query-input":{"@type":"PropertyValueSpecification","valueRequired":true,"valueName":"search_term_string"}}],"inLanguage":"en-US"},{"@type":"Organization","@id":"https:\/\/leconcertautrement.com\/en\/#organization","name":"Le concert autrement","url":"https:\/\/leconcertautrement.com\/en\/","logo":{"@type":"ImageObject","inLanguage":"en-US","@id":"https:\/\/leconcertautrement.com\/en\/#\/schema\/logo\/image\/","url":"https:\/\/leconcertautrement.com\/wp-content\/uploads\/2026\/04\/LOGO-NOIR-768x456.png.webp","contentUrl":"https:\/\/leconcertautrement.com\/wp-content\/uploads\/2026\/04\/LOGO-NOIR-768x456.png.webp","width":768,"height":456,"caption":"Le concert autrement"},"image":{"@id":"https:\/\/leconcertautrement.com\/en\/#\/schema\/logo\/image\/"}}]}},"_links":{"self":[{"href":"https:\/\/leconcertautrement.com\/en\/wp-json\/wp\/v2\/pages\/1045","targetHints":{"allow":["GET"]}}],"collection":[{"href":"https:\/\/leconcertautrement.com\/en\/wp-json\/wp\/v2\/pages"}],"about":[{"href":"https:\/\/leconcertautrement.com\/en\/wp-json\/wp\/v2\/types\/page"}],"author":[{"embeddable":true,"href":"https:\/\/leconcertautrement.com\/en\/wp-json\/wp\/v2\/users\/1"}],"replies":[{"embeddable":true,"href":"https:\/\/leconcertautrement.com\/en\/wp-json\/wp\/v2\/comments?post=1045"}],"version-history":[{"count":2,"href":"https:\/\/leconcertautrement.com\/en\/wp-json\/wp\/v2\/pages\/1045\/revisions"}],"predecessor-version":[{"id":1047,"href":"https:\/\/leconcertautrement.com\/en\/wp-json\/wp\/v2\/pages\/1045\/revisions\/1047"}],"wp:featuredmedia":[{"embeddable":true,"href":"https:\/\/leconcertautrement.com\/en\/wp-json\/wp\/v2\/media\/1008"}],"wp:attachment":[{"href":"https:\/\/leconcertautrement.com\/en\/wp-json\/wp\/v2\/media?parent=1045"}],"curies":[{"name":"wp","href":"https:\/\/api.w.org\/{rel}","templated":true}]}}