{"id":1031,"date":"2023-05-25T22:27:48","date_gmt":"2023-05-25T20:27:48","guid":{"rendered":"https:\/\/leconcertautrement.com\/about-us\/"},"modified":"2023-06-21T16:13:19","modified_gmt":"2023-06-21T14:13:19","slug":"about-us","status":"publish","type":"page","link":"https:\/\/leconcertautrement.com\/en\/about-us\/","title":{"rendered":"About us"},"content":{"rendered":"\t\t<div data-elementor-type=\"wp-page\" data-elementor-id=\"1031\" class=\"elementor elementor-1031 elementor-484\" data-elementor-post-type=\"page\">\n\t\t\t\t\t\t<section class=\"elementor-section elementor-top-section elementor-element elementor-element-78b6185 elementor-section-boxed elementor-section-height-default elementor-section-height-default\" data-id=\"78b6185\" data-element_type=\"section\" data-e-type=\"section\" data-settings=\"{&quot;jet_parallax_layout_list&quot;:[]}\">\n\t\t\t\t\t\t<div class=\"elementor-container elementor-column-gap-default\">\n\t\t\t\t\t<div class=\"elementor-column elementor-col-50 elementor-top-column elementor-element elementor-element-f47ee66 elementor-invisible\" data-id=\"f47ee66\" data-element_type=\"column\" data-e-type=\"column\" data-settings=\"{&quot;animation&quot;:&quot;fadeInLeft&quot;,&quot;background_background&quot;:&quot;classic&quot;}\">\n\t\t\t<div class=\"elementor-widget-wrap elementor-element-populated\">\n\t\t\t\t\t\t<div class=\"elementor-element elementor-element-e1416ba elementor-widget elementor-widget-image\" data-id=\"e1416ba\" data-element_type=\"widget\" data-e-type=\"widget\" data-widget_type=\"image.default\">\n\t\t\t\t<div class=\"elementor-widget-container\">\n\t\t\t\t\t\t\t\t\t\t\t\t\t\t\t<img fetchpriority=\"high\" decoding=\"async\" width=\"1024\" height=\"1024\" src=\"https:\/\/leconcertautrement.com\/wp-content\/uploads\/2023\/05\/Piano-bord-de-mer-Leconcertautrement.png\" class=\"attachment-large size-large wp-image-559\" alt=\"Piano Bord De Mer Leconcertautrement\" srcset=\"https:\/\/leconcertautrement.com\/wp-content\/uploads\/2023\/05\/Piano-bord-de-mer-Leconcertautrement.png 1024w, https:\/\/leconcertautrement.com\/wp-content\/uploads\/2023\/05\/Piano-bord-de-mer-Leconcertautrement-300x300.png 300w, https:\/\/leconcertautrement.com\/wp-content\/uploads\/2023\/05\/Piano-bord-de-mer-Leconcertautrement-150x150.png 150w, https:\/\/leconcertautrement.com\/wp-content\/uploads\/2023\/05\/Piano-bord-de-mer-Leconcertautrement-768x768.png 768w\" sizes=\"(max-width: 1024px) 100vw, 1024px\" title=\"About us\">\t\t\t\t\t\t\t\t\t\t\t\t\t\t\t<\/div>\n\t\t\t\t<\/div>\n\t\t\t\t\t<\/div>\n\t\t<\/div>\n\t\t\t\t<div class=\"elementor-column elementor-col-50 elementor-top-column elementor-element elementor-element-ba88562 elementor-invisible\" data-id=\"ba88562\" data-element_type=\"column\" data-e-type=\"column\" data-settings=\"{&quot;animation&quot;:&quot;fadeInRight&quot;}\">\n\t\t\t<div class=\"elementor-widget-wrap elementor-element-populated\">\n\t\t\t\t\t\t<div class=\"elementor-element elementor-element-0b0115d elementor-widget elementor-widget-heading\" data-id=\"0b0115d\" data-element_type=\"widget\" data-e-type=\"widget\" data-widget_type=\"heading.default\">\n\t\t\t\t<div class=\"elementor-widget-container\">\n\t\t\t\t\t<h1 class=\"elementor-heading-title elementor-size-default\">Who are we ?<\/h1>\t\t\t\t<\/div>\n\t\t\t\t<\/div>\n\t\t\t\t<div class=\"elementor-element elementor-element-83b9f9a elementor-widget elementor-widget-text-editor\" data-id=\"83b9f9a\" data-element_type=\"widget\" data-e-type=\"widget\" data-widget_type=\"text-editor.default\">\n\t\t\t\t<div class=\"elementor-widget-container\">\n\t\t\t\t\t\t\t\t\t<p><em><br \/>\n  <strong>Le Concert Autrement<\/strong><br \/>\n<\/em> is led by Anna P\u00e9tron, concert pianist, and S\u00e9verine Bertrand, lawyer.<\/p>\n<p>United by a passion for classical music, we take the concert beyond the great concert halls into today&#8217;s environments, without sacrificing excellence.<\/p>\n\t\t\t\t\t\t\t\t<\/div>\n\t\t\t\t<\/div>\n\t\t\t\t\t<\/div>\n\t\t<\/div>\n\t\t\t\t\t<\/div>\n\t\t<\/section>\n\t\t\t\t<section class=\"elementor-section elementor-top-section elementor-element elementor-element-467962a elementor-section-full_width elementor-section-height-default elementor-section-height-default\" data-id=\"467962a\" data-element_type=\"section\" data-e-type=\"section\" data-settings=\"{&quot;jet_parallax_layout_list&quot;:[]}\">\n\t\t\t\t\t\t<div class=\"elementor-container elementor-column-gap-default\">\n\t\t\t\t\t<div class=\"elementor-column elementor-col-100 elementor-top-column elementor-element elementor-element-0d54a1a\" data-id=\"0d54a1a\" data-element_type=\"column\" data-e-type=\"column\">\n\t\t\t<div class=\"elementor-widget-wrap elementor-element-populated\">\n\t\t\t\t\t\t<div class=\"elementor-element elementor-element-aeb4456 elementor-arrows-position-inside elementor-pagination-position-outside elementor-widget elementor-widget-image-carousel\" data-id=\"aeb4456\" data-element_type=\"widget\" data-e-type=\"widget\" data-settings=\"{&quot;slides_to_show&quot;:&quot;5&quot;,&quot;slides_to_scroll&quot;:&quot;1&quot;,&quot;navigation&quot;:&quot;both&quot;,&quot;autoplay&quot;:&quot;yes&quot;,&quot;pause_on_hover&quot;:&quot;yes&quot;,&quot;pause_on_interaction&quot;:&quot;yes&quot;,&quot;autoplay_speed&quot;:5000,&quot;infinite&quot;:&quot;yes&quot;,&quot;speed&quot;:500}\" data-widget_type=\"image-carousel.default\">\n\t\t\t\t<div class=\"elementor-widget-container\">\n\t\t\t\t\t\t\t<div class=\"elementor-image-carousel-wrapper swiper\" role=\"region\" aria-roledescription=\"carousel\" aria-label=\"Image Carousel\" dir=\"ltr\">\n\t\t\t<div class=\"elementor-image-carousel swiper-wrapper\" aria-live=\"off\">\n\t\t\t\t\t\t\t\t<div class=\"swiper-slide\" role=\"group\" aria-roledescription=\"slide\" aria-label=\"1 of 5\"><figure class=\"swiper-slide-inner\"><img decoding=\"async\" class=\"swiper-slide-image\" src=\"https:\/\/leconcertautrement.com\/wp-content\/uploads\/2023\/05\/concert2-768x768.png\" alt=\"concert2\" title=\"About us\"><\/figure><\/div><div class=\"swiper-slide\" role=\"group\" aria-roledescription=\"slide\" aria-label=\"2 of 5\"><figure class=\"swiper-slide-inner\"><img decoding=\"async\" class=\"swiper-slide-image\" src=\"https:\/\/leconcertautrement.com\/wp-content\/uploads\/2023\/05\/concert5-768x768.png\" alt=\"concert5\" title=\"About us\"><\/figure><\/div><div class=\"swiper-slide\" role=\"group\" aria-roledescription=\"slide\" aria-label=\"3 of 5\"><figure class=\"swiper-slide-inner\"><img decoding=\"async\" class=\"swiper-slide-image\" src=\"https:\/\/leconcertautrement.com\/wp-content\/uploads\/2023\/05\/concert1-768x768.png\" alt=\"concert1\" title=\"About us\"><\/figure><\/div><div class=\"swiper-slide\" role=\"group\" aria-roledescription=\"slide\" aria-label=\"4 of 5\"><figure class=\"swiper-slide-inner\"><img decoding=\"async\" class=\"swiper-slide-image\" src=\"https:\/\/leconcertautrement.com\/wp-content\/uploads\/2023\/05\/concert-3-768x768.png\" alt=\"concert 3\" title=\"About us\"><\/figure><\/div><div class=\"swiper-slide\" role=\"group\" aria-roledescription=\"slide\" aria-label=\"5 of 5\"><figure class=\"swiper-slide-inner\"><img decoding=\"async\" class=\"swiper-slide-image\" src=\"https:\/\/leconcertautrement.com\/wp-content\/uploads\/2023\/05\/concert4-768x768.png\" alt=\"concert4\" title=\"About us\"><\/figure><\/div>\t\t\t<\/div>\n\t\t\t\t\t\t\t\t\t\t\t\t<div class=\"elementor-swiper-button elementor-swiper-button-prev\" role=\"button\" tabindex=\"0\">\n\t\t\t\t\t\t<i aria-hidden=\"true\" class=\"eicon-chevron-left\"><\/i>\t\t\t\t\t<\/div>\n\t\t\t\t\t<div class=\"elementor-swiper-button elementor-swiper-button-next\" role=\"button\" tabindex=\"0\">\n\t\t\t\t\t\t<i aria-hidden=\"true\" class=\"eicon-chevron-right\"><\/i>\t\t\t\t\t<\/div>\n\t\t\t\t\n\t\t\t\t\t\t\t\t\t<div class=\"swiper-pagination\"><\/div>\n\t\t\t\t\t\t\t\t\t<\/div>\n\t\t\t\t\t\t<\/div>\n\t\t\t\t<\/div>\n\t\t\t\t\t<\/div>\n\t\t<\/div>\n\t\t\t\t\t<\/div>\n\t\t<\/section>\n\t\t\t\t<section class=\"elementor-section elementor-top-section elementor-element elementor-element-6adedc6 elementor-section-boxed elementor-section-height-default elementor-section-height-default\" data-id=\"6adedc6\" data-element_type=\"section\" data-e-type=\"section\" data-settings=\"{&quot;jet_parallax_layout_list&quot;:[]}\">\n\t\t\t\t\t\t<div class=\"elementor-container elementor-column-gap-default\">\n\t\t\t\t\t<div class=\"elementor-column elementor-col-100 elementor-top-column elementor-element elementor-element-e403803\" data-id=\"e403803\" data-element_type=\"column\" data-e-type=\"column\">\n\t\t\t<div class=\"elementor-widget-wrap elementor-element-populated\">\n\t\t\t\t\t\t<div class=\"elementor-element elementor-element-d55a15e elementor-position-left elementor-vertical-align-top elementor-widget elementor-widget-image-box\" data-id=\"d55a15e\" data-element_type=\"widget\" data-e-type=\"widget\" data-widget_type=\"image-box.default\">\n\t\t\t\t<div class=\"elementor-widget-container\">\n\t\t\t\t\t<div class=\"elementor-image-box-wrapper\"><figure class=\"elementor-image-box-img\"><img decoding=\"async\" width=\"2560\" height=\"1707\" src=\"https:\/\/leconcertautrement.com\/wp-content\/uploads\/2023\/05\/4_Cocktail63-scaled.jpg\" class=\"attachment-full size-full wp-image-542\" alt=\"4 Cocktail63 Scaled\" title=\"About us\" srcset=\"https:\/\/leconcertautrement.com\/wp-content\/uploads\/2023\/05\/4_Cocktail63-scaled.jpg 2560w, https:\/\/leconcertautrement.com\/wp-content\/uploads\/2023\/05\/4_Cocktail63-300x200.jpg 300w, https:\/\/leconcertautrement.com\/wp-content\/uploads\/2023\/05\/4_Cocktail63-1024x683.jpg 1024w, https:\/\/leconcertautrement.com\/wp-content\/uploads\/2023\/05\/4_Cocktail63-768x512.jpg 768w, https:\/\/leconcertautrement.com\/wp-content\/uploads\/2023\/05\/4_Cocktail63-1536x1024.jpg 1536w, https:\/\/leconcertautrement.com\/wp-content\/uploads\/2023\/05\/4_Cocktail63-2048x1365.jpg 2048w\" sizes=\"(max-width: 2560px) 100vw, 2560px\" \/><\/figure><div class=\"elementor-image-box-content\"><h3 class=\"elementor-image-box-title\">Anna P\u00e9tron<\/h3><p class=\"elementor-image-box-description\"><span style=\"font-size:14px;font-style:italic;color:#000\">\"His music tends to imitate the warmth of the voice.\nCarried along by a round, powerful and subtle sound, his poetic conduct transports us into an invitation to dream.\"<\/span><br><br>\nNoticed at an early age by pianist Nikita Magaloff, who was to become her mentor, Anna has been playing in concert since the age of seven, and began touring internationally.<br><br>\nA prizewinner in piano and chamber music at the Conservatoire National Sup\u00e9rieur de Musique de Paris and the Royal Academy in London, she has won prizes at major international competitions.\nTransmission is an important part of Anna's life. She is Artistic Director for musical recordings by soloists and orchestras (Adam Laloum (Harmonia Mundi), Emmanuel Ceysson (Na\u00efve), the Orchestre national d'Avignon under Samuel Jean, Laurent Verney (21 production).\nShe also coaches artists in preparation for concerts and international competitions.  <br><br>\nShe recently distinguished herself as a musical advisor for the theater, in Serge Kribus' play about pianist Clara Haskil, \"Pr\u00e9lude et Fugue\", starring Laetitia Casta.<br>\nShe founded the R\u00e9sidences musicales Gustave Fayet at Fontfroide Abbey near Narbonne.<\/p><\/div><\/div>\t\t\t\t<\/div>\n\t\t\t\t<\/div>\n\t\t\t\t<div class=\"elementor-element elementor-element-bf5c322 elementor-position-left elementor-vertical-align-top elementor-widget elementor-widget-image-box\" data-id=\"bf5c322\" data-element_type=\"widget\" data-e-type=\"widget\" data-widget_type=\"image-box.default\">\n\t\t\t\t<div class=\"elementor-widget-container\">\n\t\t\t\t\t<div class=\"elementor-image-box-wrapper\"><figure class=\"elementor-image-box-img\"><img decoding=\"async\" width=\"2560\" height=\"1707\" src=\"https:\/\/leconcertautrement.com\/wp-content\/uploads\/2023\/05\/4_Cocktail63-scaled.jpg\" class=\"attachment-full size-full wp-image-542\" alt=\"4 Cocktail63 Scaled\" title=\"About us\" srcset=\"https:\/\/leconcertautrement.com\/wp-content\/uploads\/2023\/05\/4_Cocktail63-scaled.jpg 2560w, https:\/\/leconcertautrement.com\/wp-content\/uploads\/2023\/05\/4_Cocktail63-300x200.jpg 300w, https:\/\/leconcertautrement.com\/wp-content\/uploads\/2023\/05\/4_Cocktail63-1024x683.jpg 1024w, https:\/\/leconcertautrement.com\/wp-content\/uploads\/2023\/05\/4_Cocktail63-768x512.jpg 768w, https:\/\/leconcertautrement.com\/wp-content\/uploads\/2023\/05\/4_Cocktail63-1536x1024.jpg 1536w, https:\/\/leconcertautrement.com\/wp-content\/uploads\/2023\/05\/4_Cocktail63-2048x1365.jpg 2048w\" sizes=\"(max-width: 2560px) 100vw, 2560px\" \/><\/figure><div class=\"elementor-image-box-content\"><h3 class=\"elementor-image-box-title\">S\u00e9verine Bertrand<\/h3><p class=\"elementor-image-box-description\">After spending her childhood in Africa and Norway, S\u00e9verine studied classical law. She then embarked on a demanding professional career that took her from the luxury goods industry to pharmaceutical laboratories as General Counsel.  <br><br>\nShe has also held regulatory functions within a national authority.  \nAt the same time, she has been involved in the protection of fundamental freedoms within the framework of an independent administrative authority.  \nHer love of art, music and literature led her to set up Le Concert Autrement with Anna P\u00e9tron, to bring a new perspective to the concert experience.\n<\/p><\/div><\/div>\t\t\t\t<\/div>\n\t\t\t\t<\/div>\n\t\t\t\t\t<\/div>\n\t\t<\/div>\n\t\t\t\t\t<\/div>\n\t\t<\/section>\n\t\t\t\t<\/div>\n\t\t","protected":false},"excerpt":{"rendered":"<p>Who are we ? Le Concert Autrement is led by Anna P\u00e9tron, concert pianist, and S\u00e9verine Bertrand, lawyer. United by a passion for classical music, we take the concert beyond the great concert halls into today&#8217;s environments, without sacrificing excellence. Anna P\u00e9tron &#8220;His music tends to imitate the warmth of the voice. Carried along by [&hellip;]<\/p>\n","protected":false},"author":1,"featured_media":2326,"parent":0,"menu_order":0,"comment_status":"closed","ping_status":"closed","template":"elementor_header_footer","meta":{"om_disable_all_campaigns":false,"_monsterinsights_skip_tracking":false,"_monsterinsights_sitenote_active":false,"_monsterinsights_sitenote_note":"","_monsterinsights_sitenote_category":0,"site-sidebar-layout":"no-sidebar","site-content-layout":"page-builder","ast-site-content-layout":"full-width-container","site-content-style":"unboxed","site-sidebar-style":"unboxed","ast-global-header-display":"","ast-banner-title-visibility":"","ast-main-header-display":"","ast-hfb-above-header-display":"","ast-hfb-below-header-display":"","ast-hfb-mobile-header-display":"","site-post-title":"disabled","ast-breadcrumbs-content":"","ast-featured-img":"","footer-sml-layout":"","theme-transparent-header-meta":"","adv-header-id-meta":"","stick-header-meta":"","header-above-stick-meta":"","header-main-stick-meta":"","header-below-stick-meta":"","astra-migrate-meta-layouts":"default","ast-page-background-enabled":"default","ast-page-background-meta":{"desktop":{"background-color":"var(--ast-global-color-4)","background-image":"","background-repeat":"repeat","background-position":"center center","background-size":"auto","background-attachment":"scroll","background-type":"","background-media":"","overlay-type":"","overlay-color":"","overlay-opacity":"","overlay-gradient":""},"tablet":{"background-color":"","background-image":"","background-repeat":"repeat","background-position":"center center","background-size":"auto","background-attachment":"scroll","background-type":"","background-media":"","overlay-type":"","overlay-color":"","overlay-opacity":"","overlay-gradient":""},"mobile":{"background-color":"","background-image":"","background-repeat":"repeat","background-position":"center center","background-size":"auto","background-attachment":"scroll","background-type":"","background-media":"","overlay-type":"","overlay-color":"","overlay-opacity":"","overlay-gradient":""}},"ast-content-background-meta":{"desktop":{"background-color":"var(--ast-global-color-5)","background-image":"","background-repeat":"repeat","background-position":"center center","background-size":"auto","background-attachment":"scroll","background-type":"","background-media":"","overlay-type":"","overlay-color":"","overlay-opacity":"","overlay-gradient":""},"tablet":{"background-color":"var(--ast-global-color-5)","background-image":"","background-repeat":"repeat","background-position":"center center","background-size":"auto","background-attachment":"scroll","background-type":"","background-media":"","overlay-type":"","overlay-color":"","overlay-opacity":"","overlay-gradient":""},"mobile":{"background-color":"var(--ast-global-color-5)","background-image":"","background-repeat":"repeat","background-position":"center center","background-size":"auto","background-attachment":"scroll","background-type":"","background-media":"","overlay-type":"","overlay-color":"","overlay-opacity":"","overlay-gradient":""}},"footnotes":""},"class_list":["post-1031","page","type-page","status-publish","has-post-thumbnail","hentry"],"yoast_head":"<!-- This site is optimized with the Yoast SEO plugin v27.3 - https:\/\/yoast.com\/product\/yoast-seo-wordpress\/ -->\n<title>About us<\/title>\n<meta name=\"description\" content=\"A different kind of concert, united by a passion for classical music, we take concerts beyond the great concert halls ...\" \/>\n<meta name=\"robots\" content=\"index, follow, max-snippet:-1, max-image-preview:large, max-video-preview:-1\" \/>\n<link rel=\"canonical\" href=\"https:\/\/leconcertautrement.com\/en\/about-us\/\" \/>\n<meta property=\"og:locale\" content=\"en_US\" \/>\n<meta property=\"og:type\" content=\"article\" \/>\n<meta property=\"og:title\" content=\"About us\" \/>\n<meta property=\"og:description\" content=\"A different kind of concert, united by a passion for classical music, we take concerts beyond the great concert halls ...\" \/>\n<meta property=\"og:url\" content=\"https:\/\/leconcertautrement.com\/en\/about-us\/\" \/>\n<meta property=\"og:site_name\" content=\"Le concert autrement\" \/>\n<meta property=\"article:modified_time\" content=\"2023-06-21T14:13:19+00:00\" \/>\n<meta property=\"og:image\" content=\"https:\/\/leconcertautrement.com\/wp-content\/uploads\/2023\/05\/Piano-bord-de-mer-Leconcertautrement.png\" \/>\n\t<meta property=\"og:image:width\" content=\"1024\" \/>\n\t<meta property=\"og:image:height\" content=\"1024\" \/>\n\t<meta property=\"og:image:type\" content=\"image\/png\" \/>\n<meta name=\"twitter:card\" content=\"summary_large_image\" \/>\n<meta name=\"twitter:label1\" content=\"Est. reading time\" \/>\n\t<meta name=\"twitter:data1\" content=\"5 minutes\" \/>\n<script type=\"application\/ld+json\" class=\"yoast-schema-graph\">{\"@context\":\"https:\\\/\\\/schema.org\",\"@graph\":[{\"@type\":\"WebPage\",\"@id\":\"https:\\\/\\\/leconcertautrement.com\\\/en\\\/about-us\\\/\",\"url\":\"https:\\\/\\\/leconcertautrement.com\\\/en\\\/about-us\\\/\",\"name\":\"About us\",\"isPartOf\":{\"@id\":\"https:\\\/\\\/leconcertautrement.com\\\/en\\\/#website\"},\"primaryImageOfPage\":{\"@id\":\"https:\\\/\\\/leconcertautrement.com\\\/en\\\/about-us\\\/#primaryimage\"},\"image\":{\"@id\":\"https:\\\/\\\/leconcertautrement.com\\\/en\\\/about-us\\\/#primaryimage\"},\"thumbnailUrl\":\"https:\\\/\\\/leconcertautrement.com\\\/wp-content\\\/uploads\\\/2026\\\/04\\\/Moment-chaleureux-au-piano-grandiose.png\",\"datePublished\":\"2023-05-25T20:27:48+00:00\",\"dateModified\":\"2023-06-21T14:13:19+00:00\",\"description\":\"A different kind of concert, united by a passion for classical music, we take concerts beyond the great concert halls ...\",\"breadcrumb\":{\"@id\":\"https:\\\/\\\/leconcertautrement.com\\\/en\\\/about-us\\\/#breadcrumb\"},\"inLanguage\":\"en-US\",\"potentialAction\":[{\"@type\":\"ReadAction\",\"target\":[\"https:\\\/\\\/leconcertautrement.com\\\/en\\\/about-us\\\/\"]}]},{\"@type\":\"ImageObject\",\"inLanguage\":\"en-US\",\"@id\":\"https:\\\/\\\/leconcertautrement.com\\\/en\\\/about-us\\\/#primaryimage\",\"url\":\"https:\\\/\\\/leconcertautrement.com\\\/wp-content\\\/uploads\\\/2026\\\/04\\\/Moment-chaleureux-au-piano-grandiose.png\",\"contentUrl\":\"https:\\\/\\\/leconcertautrement.com\\\/wp-content\\\/uploads\\\/2026\\\/04\\\/Moment-chaleureux-au-piano-grandiose.png\",\"width\":1536,\"height\":1024,\"caption\":\"moment chaleureux au piano grandiose\"},{\"@type\":\"BreadcrumbList\",\"@id\":\"https:\\\/\\\/leconcertautrement.com\\\/en\\\/about-us\\\/#breadcrumb\",\"itemListElement\":[{\"@type\":\"ListItem\",\"position\":1,\"name\":\"Accueil\",\"item\":\"https:\\\/\\\/leconcertautrement.com\\\/en\\\/\"},{\"@type\":\"ListItem\",\"position\":2,\"name\":\"About us\"}]},{\"@type\":\"WebSite\",\"@id\":\"https:\\\/\\\/leconcertautrement.com\\\/en\\\/#website\",\"url\":\"https:\\\/\\\/leconcertautrement.com\\\/en\\\/\",\"name\":\"Le concert autrement\",\"description\":\"Une exp\u00e9rience sensible et immersive, entre musique, r\u00e9cit et \u00e9motion.\",\"publisher\":{\"@id\":\"https:\\\/\\\/leconcertautrement.com\\\/en\\\/#organization\"},\"potentialAction\":[{\"@type\":\"SearchAction\",\"target\":{\"@type\":\"EntryPoint\",\"urlTemplate\":\"https:\\\/\\\/leconcertautrement.com\\\/en\\\/?s={search_term_string}\"},\"query-input\":{\"@type\":\"PropertyValueSpecification\",\"valueRequired\":true,\"valueName\":\"search_term_string\"}}],\"inLanguage\":\"en-US\"},{\"@type\":\"Organization\",\"@id\":\"https:\\\/\\\/leconcertautrement.com\\\/en\\\/#organization\",\"name\":\"Le concert autrement\",\"url\":\"https:\\\/\\\/leconcertautrement.com\\\/en\\\/\",\"logo\":{\"@type\":\"ImageObject\",\"inLanguage\":\"en-US\",\"@id\":\"https:\\\/\\\/leconcertautrement.com\\\/en\\\/#\\\/schema\\\/logo\\\/image\\\/\",\"url\":\"https:\\\/\\\/leconcertautrement.com\\\/wp-content\\\/uploads\\\/2026\\\/04\\\/LOGO-NOIR-768x456.png.webp\",\"contentUrl\":\"https:\\\/\\\/leconcertautrement.com\\\/wp-content\\\/uploads\\\/2026\\\/04\\\/LOGO-NOIR-768x456.png.webp\",\"width\":768,\"height\":456,\"caption\":\"Le concert autrement\"},\"image\":{\"@id\":\"https:\\\/\\\/leconcertautrement.com\\\/en\\\/#\\\/schema\\\/logo\\\/image\\\/\"}}]}<\/script>\n<!-- \/ Yoast SEO plugin. -->","yoast_head_json":{"title":"About us","description":"A different kind of concert, united by a passion for classical music, we take concerts beyond the great concert halls ...","robots":{"index":"index","follow":"follow","max-snippet":"max-snippet:-1","max-image-preview":"max-image-preview:large","max-video-preview":"max-video-preview:-1"},"canonical":"https:\/\/leconcertautrement.com\/en\/about-us\/","og_locale":"en_US","og_type":"article","og_title":"About us","og_description":"A different kind of concert, united by a passion for classical music, we take concerts beyond the great concert halls ...","og_url":"https:\/\/leconcertautrement.com\/en\/about-us\/","og_site_name":"Le concert autrement","article_modified_time":"2023-06-21T14:13:19+00:00","og_image":[{"width":1024,"height":1024,"url":"https:\/\/leconcertautrement.com\/wp-content\/uploads\/2023\/05\/Piano-bord-de-mer-Leconcertautrement.png","type":"image\/png"}],"twitter_card":"summary_large_image","twitter_misc":{"Est. reading time":"5 minutes"},"schema":{"@context":"https:\/\/schema.org","@graph":[{"@type":"WebPage","@id":"https:\/\/leconcertautrement.com\/en\/about-us\/","url":"https:\/\/leconcertautrement.com\/en\/about-us\/","name":"About us","isPartOf":{"@id":"https:\/\/leconcertautrement.com\/en\/#website"},"primaryImageOfPage":{"@id":"https:\/\/leconcertautrement.com\/en\/about-us\/#primaryimage"},"image":{"@id":"https:\/\/leconcertautrement.com\/en\/about-us\/#primaryimage"},"thumbnailUrl":"https:\/\/leconcertautrement.com\/wp-content\/uploads\/2026\/04\/Moment-chaleureux-au-piano-grandiose.png","datePublished":"2023-05-25T20:27:48+00:00","dateModified":"2023-06-21T14:13:19+00:00","description":"A different kind of concert, united by a passion for classical music, we take concerts beyond the great concert halls ...","breadcrumb":{"@id":"https:\/\/leconcertautrement.com\/en\/about-us\/#breadcrumb"},"inLanguage":"en-US","potentialAction":[{"@type":"ReadAction","target":["https:\/\/leconcertautrement.com\/en\/about-us\/"]}]},{"@type":"ImageObject","inLanguage":"en-US","@id":"https:\/\/leconcertautrement.com\/en\/about-us\/#primaryimage","url":"https:\/\/leconcertautrement.com\/wp-content\/uploads\/2026\/04\/Moment-chaleureux-au-piano-grandiose.png","contentUrl":"https:\/\/leconcertautrement.com\/wp-content\/uploads\/2026\/04\/Moment-chaleureux-au-piano-grandiose.png","width":1536,"height":1024,"caption":"moment chaleureux au piano grandiose"},{"@type":"BreadcrumbList","@id":"https:\/\/leconcertautrement.com\/en\/about-us\/#breadcrumb","itemListElement":[{"@type":"ListItem","position":1,"name":"Accueil","item":"https:\/\/leconcertautrement.com\/en\/"},{"@type":"ListItem","position":2,"name":"About us"}]},{"@type":"WebSite","@id":"https:\/\/leconcertautrement.com\/en\/#website","url":"https:\/\/leconcertautrement.com\/en\/","name":"Le concert autrement","description":"Une exp\u00e9rience sensible et immersive, entre musique, r\u00e9cit et \u00e9motion.","publisher":{"@id":"https:\/\/leconcertautrement.com\/en\/#organization"},"potentialAction":[{"@type":"SearchAction","target":{"@type":"EntryPoint","urlTemplate":"https:\/\/leconcertautrement.com\/en\/?s={search_term_string}"},"query-input":{"@type":"PropertyValueSpecification","valueRequired":true,"valueName":"search_term_string"}}],"inLanguage":"en-US"},{"@type":"Organization","@id":"https:\/\/leconcertautrement.com\/en\/#organization","name":"Le concert autrement","url":"https:\/\/leconcertautrement.com\/en\/","logo":{"@type":"ImageObject","inLanguage":"en-US","@id":"https:\/\/leconcertautrement.com\/en\/#\/schema\/logo\/image\/","url":"https:\/\/leconcertautrement.com\/wp-content\/uploads\/2026\/04\/LOGO-NOIR-768x456.png.webp","contentUrl":"https:\/\/leconcertautrement.com\/wp-content\/uploads\/2026\/04\/LOGO-NOIR-768x456.png.webp","width":768,"height":456,"caption":"Le concert autrement"},"image":{"@id":"https:\/\/leconcertautrement.com\/en\/#\/schema\/logo\/image\/"}}]}},"_links":{"self":[{"href":"https:\/\/leconcertautrement.com\/en\/wp-json\/wp\/v2\/pages\/1031","targetHints":{"allow":["GET"]}}],"collection":[{"href":"https:\/\/leconcertautrement.com\/en\/wp-json\/wp\/v2\/pages"}],"about":[{"href":"https:\/\/leconcertautrement.com\/en\/wp-json\/wp\/v2\/types\/page"}],"author":[{"embeddable":true,"href":"https:\/\/leconcertautrement.com\/en\/wp-json\/wp\/v2\/users\/1"}],"replies":[{"embeddable":true,"href":"https:\/\/leconcertautrement.com\/en\/wp-json\/wp\/v2\/comments?post=1031"}],"version-history":[{"count":8,"href":"https:\/\/leconcertautrement.com\/en\/wp-json\/wp\/v2\/pages\/1031\/revisions"}],"predecessor-version":[{"id":1137,"href":"https:\/\/leconcertautrement.com\/en\/wp-json\/wp\/v2\/pages\/1031\/revisions\/1137"}],"wp:featuredmedia":[{"embeddable":true,"href":"https:\/\/leconcertautrement.com\/en\/wp-json\/wp\/v2\/media\/2326"}],"wp:attachment":[{"href":"https:\/\/leconcertautrement.com\/en\/wp-json\/wp\/v2\/media?parent=1031"}],"curies":[{"name":"wp","href":"https:\/\/api.w.org\/{rel}","templated":true}]}}